{"id":3613,"date":"2021-01-14T22:01:51","date_gmt":"2021-01-14T21:01:51","guid":{"rendered":"http:\/\/marketingside.pl\/?page_id=3613"},"modified":"2021-10-09T12:38:24","modified_gmt":"2021-10-09T10:38:24","slug":"job","status":"publish","type":"page","link":"https:\/\/marketingside.pl\/index.php\/job\/","title":{"rendered":"Praca"},"content":{"rendered":"\t\t<div data-elementor-type=\"wp-page\" data-elementor-id=\"3613\" class=\"elementor elementor-3613\">\n\t\t\t\t\t\t<section class=\"elementor-section elementor-top-section elementor-element elementor-element-ede9688 elementor-section-boxed elementor-section-height-default elementor-section-height-default\" data-id=\"ede9688\" data-element_type=\"section\" data-e-type=\"section\">\r\n\t\t\t\t\t\t<div class=\"elementor-container elementor-column-gap-thegem\"><div class=\"elementor-row\">\r\n\t\t\t\t\t<div class=\"elementor-column elementor-col-50 elementor-top-column elementor-element elementor-element-185112b\" data-id=\"185112b\" data-element_type=\"column\" data-e-type=\"column\">\n\t\t\t<div class=\"elementor-widget-wrap elementor-element-populated\">\n\t\t\t\t\t\t<div class=\"elementor-element elementor-element-2ecd398 flex-horizontal-align-default flex-horizontal-align-tablet-default flex-horizontal-align-mobile-default flex-vertical-align-default flex-vertical-align-tablet-default flex-vertical-align-mobile-default elementor-widget elementor-widget-image\" data-id=\"2ecd398\" data-element_type=\"widget\" data-e-type=\"widget\" data-widget_type=\"image.default\">\n\t\t\t\t<div class=\"elementor-widget-container\">\n\t\t\t\t\t\t\t\t\t\t\t\t\t\t\t<img width=\"940\" height=\"788\" src=\"https:\/\/marketingside.pl\/wp-content\/uploads\/2021\/01\/2.png\" class=\"attachment-large size-large wp-image-3620\" alt=\"\" srcset=\"https:\/\/marketingside.pl\/wp-content\/uploads\/2021\/01\/2.png 940w, https:\/\/marketingside.pl\/wp-content\/uploads\/2021\/01\/2-300x251.png 300w, https:\/\/marketingside.pl\/wp-content\/uploads\/2021\/01\/2-768x644.png 768w\" sizes=\"(max-width: 940px) 100vw, 940px\" \/>\t\t\t\t\t\t\t\t\t\t\t\t\t\t\t<\/div>\n\t\t\t\t<\/div>\n\t\t\t\t\t<\/div>\n\t\t<\/div>\n\t\t\t\t<div class=\"elementor-column elementor-col-50 elementor-top-column elementor-element elementor-element-5c13975\" data-id=\"5c13975\" data-element_type=\"column\" data-e-type=\"column\">\n\t\t\t<div class=\"elementor-widget-wrap elementor-element-populated\">\n\t\t\t\t\t\t<div class=\"elementor-element elementor-element-f37fbf0 flex-horizontal-align-default flex-horizontal-align-tablet-default flex-horizontal-align-mobile-default flex-vertical-align-default flex-vertical-align-tablet-default flex-vertical-align-mobile-default elementor-widget elementor-widget-heading\" data-id=\"f37fbf0\" data-element_type=\"widget\" data-e-type=\"widget\" data-widget_type=\"heading.default\">\n\t\t\t\t<div class=\"elementor-widget-container\">\n\t\t\t\t\t<h2 class=\"elementor-heading-title elementor-size-default\">PRACA<\/h2>\t\t\t\t<\/div>\n\t\t\t\t<\/div>\n\t\t\t\t<div class=\"elementor-element elementor-element-2e6a68d flex-horizontal-align-default flex-horizontal-align-tablet-default flex-horizontal-align-mobile-default flex-vertical-align-default flex-vertical-align-tablet-default flex-vertical-align-mobile-default elementor-widget elementor-widget-text-editor\" data-id=\"2e6a68d\" data-element_type=\"widget\" data-e-type=\"widget\" data-widget_type=\"text-editor.default\">\n\t\t\t\t<div class=\"elementor-widget-container\">\n\t\t\t\t\t\t\t\t\t\t\t\t<div class=\"elementor-text-editor elementor-clearfix\">\r\n\t\t\t\t\t\t<p><strong>Poszukujemy kreatywnej osoby!<br \/>Osoba, kt\u00f3r\u0105 chcieliby\u015bmy zatrudni\u0107 powinna charakteryzowa\u0107 si\u0119 du\u017c\u0105 samodzielno\u015bci\u0105, jednocze\u015bnie umiej\u0119tno\u015bci\u0105 wsp\u00f3\u0142pracy w zespole oraz posiada\u0107 praktyczne umiej\u0119tno\u015bci w projektowaniu, tworzeniu i obr\u00f3bce grafiki.<\/strong><\/p><p><strong>Je\u015bli \u0142\u0105czysz w sobie doskona\u0142e umiej\u0119tno\u015bci w projektowaniu, kreatywno\u015b\u0107 i posiadasz biznesowe podej\u015bcie, to jeste\u015b idealnym kandydatem. Aplikuj!<\/strong><\/p><h3>Obowi\u0105zki:<\/h3><ul><li>projektowanie na potrzeby Social Media (w tym materia\u0142\u00f3w animowanych)<\/li><li>projektowanie kreacji reklamowej online<\/li><li>projektowanie key visuals na potrzeby przetarg\u00f3w<\/li><li>projektowanie innych produkt\u00f3w cyfrowych<\/li><li>opracowywanie kreatywnych rozwi\u0105za\u0144 i przygotowywanie prezentacji dla Klient\u00f3w Agencji<\/li><\/ul><h3>Wymagania:<\/h3><ul><li><strong>nie wymagamy do\u015bwiadczenia agencyjnego na stanowisku Graphic Designer, ale praktycznych umiej\u0119tno\u015bci<\/strong><\/li><li>wykszta\u0142cenie min. \u015brednie najlepiej zwi\u0105zane z grafik\u0105 komputerow\u0105<\/li><li>dobra znajomo\u015b\u0107 aplikacji Adobe lub innych do obr\u00f3bki grafiki<\/li><li>znajomo\u015b\u0107 dobrych praktyk UI\/UX<\/li><li>znajomo\u015b\u0107 standard\u00f3w technicznych projektowania baner\u00f3w i kreacji reklamowej<\/li><li>dobra znajomo\u015b\u0107 typografii<\/li><li>umiej\u0119tno\u015b\u0107 komunikowania swoich pomys\u0142\u00f3w poprzez makiety i szkice<\/li><li>dodatkowo punktowana b\u0119dzie znajomo\u015b\u0107 narz\u0119dzi do prototypowania (np. Sketch)<\/li><li>samodzielno\u015b\u0107 w dzia\u0142aniu<\/li><li>bardzo wysoka potrzeba samorozwoju i uczenia si\u0119<\/li><li>j\u0119zyk angielski na poziomie min. podstwowym<\/li><\/ul><h3>Oferujemy:<\/h3><ul><li>praca z ineresuj\u0105cymi lud\u017ami, podobnymi do Ciebie<\/li><li>adekwatne wynagrodzenie<\/li><li>du\u017ce mo\u017cliwo\u015bci rozwoju<\/li><li>mi\u0142\u0105 atmosfer\u0119 i wysok\u0105 kultur\u0119\u00a0 pracy<\/li><li>lu\u017any styl pracy z przerwami na obiad i kaw\u0119, wg filozofii <strong>&#8222;lagom&#8221;<\/strong><\/li><li>owoce, zimne lub cieple napoje w ci\u0105gu dnia<\/li><\/ul><p>Zainteresowanych wsp\u00f3\u0142prac\u0105 prosimy o kontakt za pomoc\u0105 wiadomo\u015bci e-mail:\u00a0 <a href=\"mailto:job@marketingside.pl\">job@marketingside.pl<\/a><\/p>\t\t\t\t\t\t\t<\/div>\r\n\t\t\t\t\t\t\t\t\t\t<\/div>\n\t\t\t\t<\/div>\n\t\t\t\t\t<\/div>\n\t\t<\/div>\n\t\t\t\t\t<\/div><\/div>\r\n\t\t<\/section>\r\n\t\t\t\t<\/div>\n\t\t","protected":false},"excerpt":{"rendered":"<p>PRACA Poszukujemy kreatywnej osoby!Osoba, kt\u00f3r\u0105 chcieliby\u015bmy zatrudni\u0107 powinna charakteryzowa\u0107 si\u0119 du\u017c\u0105 samodzielno\u015bci\u0105, jednocze\u015bnie umiej\u0119tno\u015bci\u0105 wsp\u00f3\u0142pracy w zespole oraz posiada\u0107 praktyczne&#8230;<\/p>\n","protected":false},"author":1,"featured_media":0,"parent":0,"menu_order":0,"comment_status":"closed","ping_status":"closed","template":"page-fullwidth.php","meta":{"footnotes":""},"class_list":["post-3613","page","type-page","status-publish"],"yoast_head":"<!-- This site is optimized with the Yoast SEO plugin v27.5 - https:\/\/yoast.com\/product\/yoast-seo-wordpress\/ -->\n<title>Praca - MARKETINGSide.pl<\/title>\n<meta name=\"robots\" content=\"index, follow, max-snippet:-1, max-image-preview:large, max-video-preview:-1\" \/>\n<link rel=\"canonical\" href=\"https:\/\/marketingside.pl\/index.php\/job\/\" \/>\n<meta property=\"og:locale\" content=\"pl_PL\" \/>\n<meta property=\"og:type\" content=\"article\" \/>\n<meta property=\"og:title\" content=\"Praca - MARKETINGSide.pl\" \/>\n<meta property=\"og:description\" content=\"PRACA Poszukujemy kreatywnej osoby!Osoba, kt\u00f3r\u0105 chcieliby\u015bmy zatrudni\u0107 powinna charakteryzowa\u0107 si\u0119 du\u017c\u0105 samodzielno\u015bci\u0105, jednocze\u015bnie umiej\u0119tno\u015bci\u0105 wsp\u00f3\u0142pracy w zespole oraz posiada\u0107 praktyczne...\" \/>\n<meta property=\"og:url\" content=\"https:\/\/marketingside.pl\/index.php\/job\/\" \/>\n<meta property=\"og:site_name\" content=\"MARKETINGSide.pl\" \/>\n<meta property=\"article:publisher\" content=\"https:\/\/www.facebook.com\/Marketingside.socialmedia\" \/>\n<meta property=\"article:modified_time\" content=\"2021-10-09T10:38:24+00:00\" \/>\n<meta property=\"og:image\" content=\"https:\/\/marketingside.pl\/wp-content\/uploads\/2021\/01\/2.png\" \/>\n<meta name=\"twitter:card\" content=\"summary_large_image\" \/>\n<meta name=\"twitter:site\" content=\"@MARKETINGSide4\" \/>\n<meta name=\"twitter:label1\" content=\"Szacowany czas czytania\" \/>\n\t<meta name=\"twitter:data1\" content=\"2 minuty\" \/>\n<script type=\"application\/ld+json\" class=\"yoast-schema-graph\">{\"@context\":\"https:\\\/\\\/schema.org\",\"@graph\":[{\"@type\":\"WebPage\",\"@id\":\"https:\\\/\\\/marketingside.pl\\\/index.php\\\/job\\\/\",\"url\":\"https:\\\/\\\/marketingside.pl\\\/index.php\\\/job\\\/\",\"name\":\"Praca - MARKETINGSide.pl\",\"isPartOf\":{\"@id\":\"https:\\\/\\\/marketingside.pl\\\/#website\"},\"primaryImageOfPage\":{\"@id\":\"https:\\\/\\\/marketingside.pl\\\/index.php\\\/job\\\/#primaryimage\"},\"image\":{\"@id\":\"https:\\\/\\\/marketingside.pl\\\/index.php\\\/job\\\/#primaryimage\"},\"thumbnailUrl\":\"https:\\\/\\\/marketingside.pl\\\/wp-content\\\/uploads\\\/2021\\\/01\\\/2.png\",\"datePublished\":\"2021-01-14T21:01:51+00:00\",\"dateModified\":\"2021-10-09T10:38:24+00:00\",\"breadcrumb\":{\"@id\":\"https:\\\/\\\/marketingside.pl\\\/index.php\\\/job\\\/#breadcrumb\"},\"inLanguage\":\"pl-PL\",\"potentialAction\":[{\"@type\":\"ReadAction\",\"target\":[\"https:\\\/\\\/marketingside.pl\\\/index.php\\\/job\\\/\"]}]},{\"@type\":\"ImageObject\",\"inLanguage\":\"pl-PL\",\"@id\":\"https:\\\/\\\/marketingside.pl\\\/index.php\\\/job\\\/#primaryimage\",\"url\":\"https:\\\/\\\/marketingside.pl\\\/wp-content\\\/uploads\\\/2021\\\/01\\\/2.png\",\"contentUrl\":\"https:\\\/\\\/marketingside.pl\\\/wp-content\\\/uploads\\\/2021\\\/01\\\/2.png\",\"width\":940,\"height\":788},{\"@type\":\"BreadcrumbList\",\"@id\":\"https:\\\/\\\/marketingside.pl\\\/index.php\\\/job\\\/#breadcrumb\",\"itemListElement\":[{\"@type\":\"ListItem\",\"position\":1,\"name\":\"Home\",\"item\":\"https:\\\/\\\/marketingside.pl\\\/\"},{\"@type\":\"ListItem\",\"position\":2,\"name\":\"Praca\"}]},{\"@type\":\"WebSite\",\"@id\":\"https:\\\/\\\/marketingside.pl\\\/#website\",\"url\":\"https:\\\/\\\/marketingside.pl\\\/\",\"name\":\"MARKETINGSide.pl\",\"description\":\"Kreatywna Agencja Marketingowa\",\"publisher\":{\"@id\":\"https:\\\/\\\/marketingside.pl\\\/#organization\"},\"potentialAction\":[{\"@type\":\"SearchAction\",\"target\":{\"@type\":\"EntryPoint\",\"urlTemplate\":\"https:\\\/\\\/marketingside.pl\\\/?s={search_term_string}\"},\"query-input\":{\"@type\":\"PropertyValueSpecification\",\"valueRequired\":true,\"valueName\":\"search_term_string\"}}],\"inLanguage\":\"pl-PL\"},{\"@type\":\"Organization\",\"@id\":\"https:\\\/\\\/marketingside.pl\\\/#organization\",\"name\":\"MARKETINGSide.pl - Kreatywna Agencja Marketingowa\",\"url\":\"https:\\\/\\\/marketingside.pl\\\/\",\"logo\":{\"@type\":\"ImageObject\",\"inLanguage\":\"pl-PL\",\"@id\":\"https:\\\/\\\/marketingside.pl\\\/#\\\/schema\\\/logo\\\/image\\\/\",\"url\":\"https:\\\/\\\/marketingside.pl\\\/wp-content\\\/uploads\\\/2021\\\/01\\\/cropped-1-1-1.png\",\"contentUrl\":\"https:\\\/\\\/marketingside.pl\\\/wp-content\\\/uploads\\\/2021\\\/01\\\/cropped-1-1-1.png\",\"width\":512,\"height\":512,\"caption\":\"MARKETINGSide.pl - Kreatywna Agencja Marketingowa\"},\"image\":{\"@id\":\"https:\\\/\\\/marketingside.pl\\\/#\\\/schema\\\/logo\\\/image\\\/\"},\"sameAs\":[\"https:\\\/\\\/www.facebook.com\\\/Marketingside.socialmedia\",\"https:\\\/\\\/x.com\\\/MARKETINGSide4\",\"https:\\\/\\\/www.instagram.com\\\/marketingside.pl\\\/\",\"https:\\\/\\\/www.linkedin.com\\\/company\\\/marketingside\"]}]}<\/script>\n<!-- \/ Yoast SEO plugin. -->","yoast_head_json":{"title":"Praca - MARKETINGSide.pl","robots":{"index":"index","follow":"follow","max-snippet":"max-snippet:-1","max-image-preview":"max-image-preview:large","max-video-preview":"max-video-preview:-1"},"canonical":"https:\/\/marketingside.pl\/index.php\/job\/","og_locale":"pl_PL","og_type":"article","og_title":"Praca - MARKETINGSide.pl","og_description":"PRACA Poszukujemy kreatywnej osoby!Osoba, kt\u00f3r\u0105 chcieliby\u015bmy zatrudni\u0107 powinna charakteryzowa\u0107 si\u0119 du\u017c\u0105 samodzielno\u015bci\u0105, jednocze\u015bnie umiej\u0119tno\u015bci\u0105 wsp\u00f3\u0142pracy w zespole oraz posiada\u0107 praktyczne...","og_url":"https:\/\/marketingside.pl\/index.php\/job\/","og_site_name":"MARKETINGSide.pl","article_publisher":"https:\/\/www.facebook.com\/Marketingside.socialmedia","article_modified_time":"2021-10-09T10:38:24+00:00","og_image":[{"url":"https:\/\/marketingside.pl\/wp-content\/uploads\/2021\/01\/2.png","type":"","width":"","height":""}],"twitter_card":"summary_large_image","twitter_site":"@MARKETINGSide4","twitter_misc":{"Szacowany czas czytania":"2 minuty"},"schema":{"@context":"https:\/\/schema.org","@graph":[{"@type":"WebPage","@id":"https:\/\/marketingside.pl\/index.php\/job\/","url":"https:\/\/marketingside.pl\/index.php\/job\/","name":"Praca - MARKETINGSide.pl","isPartOf":{"@id":"https:\/\/marketingside.pl\/#website"},"primaryImageOfPage":{"@id":"https:\/\/marketingside.pl\/index.php\/job\/#primaryimage"},"image":{"@id":"https:\/\/marketingside.pl\/index.php\/job\/#primaryimage"},"thumbnailUrl":"https:\/\/marketingside.pl\/wp-content\/uploads\/2021\/01\/2.png","datePublished":"2021-01-14T21:01:51+00:00","dateModified":"2021-10-09T10:38:24+00:00","breadcrumb":{"@id":"https:\/\/marketingside.pl\/index.php\/job\/#breadcrumb"},"inLanguage":"pl-PL","potentialAction":[{"@type":"ReadAction","target":["https:\/\/marketingside.pl\/index.php\/job\/"]}]},{"@type":"ImageObject","inLanguage":"pl-PL","@id":"https:\/\/marketingside.pl\/index.php\/job\/#primaryimage","url":"https:\/\/marketingside.pl\/wp-content\/uploads\/2021\/01\/2.png","contentUrl":"https:\/\/marketingside.pl\/wp-content\/uploads\/2021\/01\/2.png","width":940,"height":788},{"@type":"BreadcrumbList","@id":"https:\/\/marketingside.pl\/index.php\/job\/#breadcrumb","itemListElement":[{"@type":"ListItem","position":1,"name":"Home","item":"https:\/\/marketingside.pl\/"},{"@type":"ListItem","position":2,"name":"Praca"}]},{"@type":"WebSite","@id":"https:\/\/marketingside.pl\/#website","url":"https:\/\/marketingside.pl\/","name":"MARKETINGSide.pl","description":"Kreatywna Agencja Marketingowa","publisher":{"@id":"https:\/\/marketingside.pl\/#organization"},"potentialAction":[{"@type":"SearchAction","target":{"@type":"EntryPoint","urlTemplate":"https:\/\/marketingside.pl\/?s={search_term_string}"},"query-input":{"@type":"PropertyValueSpecification","valueRequired":true,"valueName":"search_term_string"}}],"inLanguage":"pl-PL"},{"@type":"Organization","@id":"https:\/\/marketingside.pl\/#organization","name":"MARKETINGSide.pl - Kreatywna Agencja Marketingowa","url":"https:\/\/marketingside.pl\/","logo":{"@type":"ImageObject","inLanguage":"pl-PL","@id":"https:\/\/marketingside.pl\/#\/schema\/logo\/image\/","url":"https:\/\/marketingside.pl\/wp-content\/uploads\/2021\/01\/cropped-1-1-1.png","contentUrl":"https:\/\/marketingside.pl\/wp-content\/uploads\/2021\/01\/cropped-1-1-1.png","width":512,"height":512,"caption":"MARKETINGSide.pl - Kreatywna Agencja Marketingowa"},"image":{"@id":"https:\/\/marketingside.pl\/#\/schema\/logo\/image\/"},"sameAs":["https:\/\/www.facebook.com\/Marketingside.socialmedia","https:\/\/x.com\/MARKETINGSide4","https:\/\/www.instagram.com\/marketingside.pl\/","https:\/\/www.linkedin.com\/company\/marketingside"]}]}},"_links":{"self":[{"href":"https:\/\/marketingside.pl\/index.php\/wp-json\/wp\/v2\/pages\/3613","targetHints":{"allow":["GET"]}}],"collection":[{"href":"https:\/\/marketingside.pl\/index.php\/wp-json\/wp\/v2\/pages"}],"about":[{"href":"https:\/\/marketingside.pl\/index.php\/wp-json\/wp\/v2\/types\/page"}],"author":[{"embeddable":true,"href":"https:\/\/marketingside.pl\/index.php\/wp-json\/wp\/v2\/users\/1"}],"replies":[{"embeddable":true,"href":"https:\/\/marketingside.pl\/index.php\/wp-json\/wp\/v2\/comments?post=3613"}],"version-history":[{"count":0,"href":"https:\/\/marketingside.pl\/index.php\/wp-json\/wp\/v2\/pages\/3613\/revisions"}],"wp:attachment":[{"href":"https:\/\/marketingside.pl\/index.php\/wp-json\/wp\/v2\/media?parent=3613"}],"curies":[{"name":"wp","href":"https:\/\/api.w.org\/{rel}","templated":true}]}}