{"id":3199,"date":"2021-01-11T13:13:34","date_gmt":"2021-01-11T12:13:34","guid":{"rendered":"http:\/\/marketingside.pl\/?page_id=3199"},"modified":"2021-03-24T21:40:57","modified_gmt":"2021-03-24T20:40:57","slug":"produkcja-materialow-reklamowych","status":"publish","type":"page","link":"https:\/\/marketingside.pl\/index.php\/oferta\/produkcja-materialow-reklamowych\/","title":{"rendered":"Produkcja materia\u0142\u00f3w reklamowych"},"content":{"rendered":"\t\t<div data-elementor-type=\"wp-page\" data-elementor-id=\"3199\" class=\"elementor elementor-3199\">\n\t\t\t\t\t\t<section class=\"elementor-section elementor-top-section elementor-element elementor-element-3b42dd1 elementor-section-boxed elementor-section-height-default elementor-section-height-default\" data-id=\"3b42dd1\" data-element_type=\"section\" data-e-type=\"section\">\r\n\t\t\t\t\t\t<div class=\"elementor-container elementor-column-gap-thegem\"><div class=\"elementor-row\">\r\n\t\t\t\t\t<div class=\"elementor-column elementor-col-50 elementor-top-column elementor-element elementor-element-7604879\" data-id=\"7604879\" data-element_type=\"column\" data-e-type=\"column\">\n\t\t\t<div class=\"elementor-widget-wrap elementor-element-populated\">\n\t\t\t\t\t\t<div class=\"elementor-element elementor-element-247aea5 flex-horizontal-align-default flex-horizontal-align-tablet-default flex-horizontal-align-mobile-default flex-vertical-align-default flex-vertical-align-tablet-default flex-vertical-align-mobile-default elementor-widget elementor-widget-image\" data-id=\"247aea5\" data-element_type=\"widget\" data-e-type=\"widget\" data-widget_type=\"image.default\">\n\t\t\t\t<div class=\"elementor-widget-container\">\n\t\t\t\t\t\t\t\t\t\t\t\t\t\t\t<img width=\"940\" height=\"788\" src=\"https:\/\/marketingside.pl\/wp-content\/uploads\/2021\/03\/mat.-reklam..png\" class=\"attachment-large size-large wp-image-7067\" alt=\"\" srcset=\"https:\/\/marketingside.pl\/wp-content\/uploads\/2021\/03\/mat.-reklam..png 940w, https:\/\/marketingside.pl\/wp-content\/uploads\/2021\/03\/mat.-reklam.-300x251.png 300w, https:\/\/marketingside.pl\/wp-content\/uploads\/2021\/03\/mat.-reklam.-768x644.png 768w\" sizes=\"(max-width: 940px) 100vw, 940px\" \/>\t\t\t\t\t\t\t\t\t\t\t\t\t\t\t<\/div>\n\t\t\t\t<\/div>\n\t\t\t\t<div class=\"elementor-element elementor-element-717f215 flex-horizontal-align-default flex-horizontal-align-tablet-default flex-horizontal-align-mobile-default flex-vertical-align-default flex-vertical-align-tablet-default flex-vertical-align-mobile-default elementor-widget elementor-widget-image\" data-id=\"717f215\" data-element_type=\"widget\" data-e-type=\"widget\" data-widget_type=\"image.default\">\n\t\t\t\t<div class=\"elementor-widget-container\">\n\t\t\t\t\t\t\t\t\t\t\t\t\t\t\t<img width=\"940\" height=\"788\" src=\"https:\/\/marketingside.pl\/wp-content\/uploads\/2021\/03\/mat-rek.png\" class=\"attachment-large size-large wp-image-7074\" alt=\"\" srcset=\"https:\/\/marketingside.pl\/wp-content\/uploads\/2021\/03\/mat-rek.png 940w, https:\/\/marketingside.pl\/wp-content\/uploads\/2021\/03\/mat-rek-300x251.png 300w, https:\/\/marketingside.pl\/wp-content\/uploads\/2021\/03\/mat-rek-768x644.png 768w\" sizes=\"(max-width: 940px) 100vw, 940px\" \/>\t\t\t\t\t\t\t\t\t\t\t\t\t\t\t<\/div>\n\t\t\t\t<\/div>\n\t\t\t\t\t<\/div>\n\t\t<\/div>\n\t\t\t\t<div class=\"elementor-column elementor-col-50 elementor-top-column elementor-element elementor-element-f9d0eb6\" data-id=\"f9d0eb6\" data-element_type=\"column\" data-e-type=\"column\">\n\t\t\t<div class=\"elementor-widget-wrap elementor-element-populated\">\n\t\t\t\t\t\t<div class=\"elementor-element elementor-element-603eb9d flex-horizontal-align-default flex-horizontal-align-tablet-default flex-horizontal-align-mobile-default flex-vertical-align-default flex-vertical-align-tablet-default flex-vertical-align-mobile-default elementor-widget elementor-widget-heading\" data-id=\"603eb9d\" data-element_type=\"widget\" data-e-type=\"widget\" data-widget_type=\"heading.default\">\n\t\t\t\t<div class=\"elementor-widget-container\">\n\t\t\t\t\t<h2 class=\"elementor-heading-title elementor-size-default\">Produkcja materia\u0142\u00f3w reklamowych<\/h2>\t\t\t\t<\/div>\n\t\t\t\t<\/div>\n\t\t\t\t<div class=\"elementor-element elementor-element-4ba536b elementor-widget-divider--view-line flex-horizontal-align-default flex-horizontal-align-tablet-default flex-horizontal-align-mobile-default flex-vertical-align-default flex-vertical-align-tablet-default flex-vertical-align-mobile-default elementor-widget elementor-widget-divider\" data-id=\"4ba536b\" data-element_type=\"widget\" data-e-type=\"widget\" data-widget_type=\"divider.default\">\n\t\t\t\t<div class=\"elementor-widget-container\">\n\t\t\t\t\t\t\t<div class=\"elementor-divider\">\n\t\t\t<span class=\"elementor-divider-separator\">\n\t\t\t\t\t\t<\/span>\n\t\t<\/div>\n\t\t\t\t\t\t<\/div>\n\t\t\t\t<\/div>\n\t\t\t\t<div class=\"elementor-element elementor-element-778017f flex-horizontal-align-default flex-horizontal-align-tablet-default flex-horizontal-align-mobile-default flex-vertical-align-default flex-vertical-align-tablet-default flex-vertical-align-mobile-default elementor-widget elementor-widget-text-editor\" data-id=\"778017f\" data-element_type=\"widget\" data-e-type=\"widget\" data-widget_type=\"text-editor.default\">\n\t\t\t\t<div class=\"elementor-widget-container\">\n\t\t\t\t\t\t\t\t\t\t\t\t<div class=\"elementor-text-editor elementor-clearfix\">\r\n\t\t\t\t\t\t<p>Czyli od projektu do wykonania!<\/p><p>Nie tylko projektujemy ale te\u017c dysponujemy szerokim zapleczem do wykonania wszelkiego rodzaju materia\u0142\u00f3w promocyjnych. Wsp\u00f3\u0142pracujemy z renomowanymi firmami zajmuj\u0105cymi si\u0119 drukiem cyfrowym, offsetowym, produkcj\u0105 gad\u017cet\u00f3w oraz wszelkiego rodzaju system\u00f3w reklamowych dla marketingu. Pomagamy w doborze odpowiednich materia\u0142\u00f3w, nadzorujemy wykonanie i monta\u017c.<\/p><p>marketingside. #materia\u0142y reklamowe #gad\u017cety #produkcja gad\u017cet\u00f3w<\/p><p>\u00a0<\/p>\t\t\t\t\t\t\t<\/div>\r\n\t\t\t\t\t\t\t\t\t\t<\/div>\n\t\t\t\t<\/div>\n\t\t\t\t\t<\/div>\n\t\t<\/div>\n\t\t\t\t\t<\/div><\/div>\r\n\t\t<\/section>\r\n\t\t\t\t<\/div>\n\t\t","protected":false},"excerpt":{"rendered":"<p>Produkcja materia\u0142\u00f3w reklamowych Czyli od projektu do wykonania! Nie tylko projektujemy ale te\u017c dysponujemy szerokim zapleczem do wykonania wszelkiego rodzaju&#8230;<\/p>\n","protected":false},"author":1,"featured_media":0,"parent":605,"menu_order":8,"comment_status":"closed","ping_status":"closed","template":"page-fullwidth.php","meta":{"footnotes":""},"class_list":["post-3199","page","type-page","status-publish"],"yoast_head":"<!-- This site is optimized with the Yoast SEO plugin v27.5 - https:\/\/yoast.com\/product\/yoast-seo-wordpress\/ -->\n<title>Produkcja materia\u0142\u00f3w reklamowych - MARKETINGSide.pl<\/title>\n<meta name=\"robots\" content=\"index, follow, max-snippet:-1, max-image-preview:large, max-video-preview:-1\" \/>\n<link rel=\"canonical\" href=\"https:\/\/marketingside.pl\/index.php\/oferta\/produkcja-materialow-reklamowych\/\" \/>\n<meta property=\"og:locale\" content=\"pl_PL\" \/>\n<meta property=\"og:type\" content=\"article\" \/>\n<meta property=\"og:title\" content=\"Produkcja materia\u0142\u00f3w reklamowych - MARKETINGSide.pl\" \/>\n<meta property=\"og:description\" content=\"Produkcja materia\u0142\u00f3w reklamowych Czyli od projektu do wykonania! Nie tylko projektujemy ale te\u017c dysponujemy szerokim zapleczem do wykonania wszelkiego rodzaju...\" \/>\n<meta property=\"og:url\" content=\"https:\/\/marketingside.pl\/index.php\/oferta\/produkcja-materialow-reklamowych\/\" \/>\n<meta property=\"og:site_name\" content=\"MARKETINGSide.pl\" \/>\n<meta property=\"article:publisher\" content=\"https:\/\/www.facebook.com\/Marketingside.socialmedia\" \/>\n<meta property=\"article:modified_time\" content=\"2021-03-24T20:40:57+00:00\" \/>\n<meta property=\"og:image\" content=\"https:\/\/marketingside.pl\/wp-content\/uploads\/2021\/03\/mat.-reklam..png\" \/>\n<meta name=\"twitter:card\" content=\"summary_large_image\" \/>\n<meta name=\"twitter:site\" content=\"@MARKETINGSide4\" \/>\n<meta name=\"twitter:label1\" content=\"Szacowany czas czytania\" \/>\n\t<meta name=\"twitter:data1\" content=\"1 minuta\" \/>\n<script type=\"application\/ld+json\" class=\"yoast-schema-graph\">{\"@context\":\"https:\\\/\\\/schema.org\",\"@graph\":[{\"@type\":\"WebPage\",\"@id\":\"https:\\\/\\\/marketingside.pl\\\/index.php\\\/oferta\\\/produkcja-materialow-reklamowych\\\/\",\"url\":\"https:\\\/\\\/marketingside.pl\\\/index.php\\\/oferta\\\/produkcja-materialow-reklamowych\\\/\",\"name\":\"Produkcja materia\u0142\u00f3w reklamowych - MARKETINGSide.pl\",\"isPartOf\":{\"@id\":\"https:\\\/\\\/marketingside.pl\\\/#website\"},\"primaryImageOfPage\":{\"@id\":\"https:\\\/\\\/marketingside.pl\\\/index.php\\\/oferta\\\/produkcja-materialow-reklamowych\\\/#primaryimage\"},\"image\":{\"@id\":\"https:\\\/\\\/marketingside.pl\\\/index.php\\\/oferta\\\/produkcja-materialow-reklamowych\\\/#primaryimage\"},\"thumbnailUrl\":\"https:\\\/\\\/marketingside.pl\\\/wp-content\\\/uploads\\\/2021\\\/03\\\/mat.-reklam..png\",\"datePublished\":\"2021-01-11T12:13:34+00:00\",\"dateModified\":\"2021-03-24T20:40:57+00:00\",\"breadcrumb\":{\"@id\":\"https:\\\/\\\/marketingside.pl\\\/index.php\\\/oferta\\\/produkcja-materialow-reklamowych\\\/#breadcrumb\"},\"inLanguage\":\"pl-PL\",\"potentialAction\":[{\"@type\":\"ReadAction\",\"target\":[\"https:\\\/\\\/marketingside.pl\\\/index.php\\\/oferta\\\/produkcja-materialow-reklamowych\\\/\"]}]},{\"@type\":\"ImageObject\",\"inLanguage\":\"pl-PL\",\"@id\":\"https:\\\/\\\/marketingside.pl\\\/index.php\\\/oferta\\\/produkcja-materialow-reklamowych\\\/#primaryimage\",\"url\":\"https:\\\/\\\/marketingside.pl\\\/wp-content\\\/uploads\\\/2021\\\/03\\\/mat.-reklam..png\",\"contentUrl\":\"https:\\\/\\\/marketingside.pl\\\/wp-content\\\/uploads\\\/2021\\\/03\\\/mat.-reklam..png\",\"width\":940,\"height\":788},{\"@type\":\"BreadcrumbList\",\"@id\":\"https:\\\/\\\/marketingside.pl\\\/index.php\\\/oferta\\\/produkcja-materialow-reklamowych\\\/#breadcrumb\",\"itemListElement\":[{\"@type\":\"ListItem\",\"position\":1,\"name\":\"Home\",\"item\":\"https:\\\/\\\/marketingside.pl\\\/\"},{\"@type\":\"ListItem\",\"position\":2,\"name\":\"Oferta\",\"item\":\"https:\\\/\\\/marketingside.pl\\\/index.php\\\/oferta\\\/\"},{\"@type\":\"ListItem\",\"position\":3,\"name\":\"Produkcja materia\u0142\u00f3w reklamowych\"}]},{\"@type\":\"WebSite\",\"@id\":\"https:\\\/\\\/marketingside.pl\\\/#website\",\"url\":\"https:\\\/\\\/marketingside.pl\\\/\",\"name\":\"MARKETINGSide.pl\",\"description\":\"Kreatywna Agencja Marketingowa\",\"publisher\":{\"@id\":\"https:\\\/\\\/marketingside.pl\\\/#organization\"},\"potentialAction\":[{\"@type\":\"SearchAction\",\"target\":{\"@type\":\"EntryPoint\",\"urlTemplate\":\"https:\\\/\\\/marketingside.pl\\\/?s={search_term_string}\"},\"query-input\":{\"@type\":\"PropertyValueSpecification\",\"valueRequired\":true,\"valueName\":\"search_term_string\"}}],\"inLanguage\":\"pl-PL\"},{\"@type\":\"Organization\",\"@id\":\"https:\\\/\\\/marketingside.pl\\\/#organization\",\"name\":\"MARKETINGSide.pl - Kreatywna Agencja Marketingowa\",\"url\":\"https:\\\/\\\/marketingside.pl\\\/\",\"logo\":{\"@type\":\"ImageObject\",\"inLanguage\":\"pl-PL\",\"@id\":\"https:\\\/\\\/marketingside.pl\\\/#\\\/schema\\\/logo\\\/image\\\/\",\"url\":\"https:\\\/\\\/marketingside.pl\\\/wp-content\\\/uploads\\\/2021\\\/01\\\/cropped-1-1-1.png\",\"contentUrl\":\"https:\\\/\\\/marketingside.pl\\\/wp-content\\\/uploads\\\/2021\\\/01\\\/cropped-1-1-1.png\",\"width\":512,\"height\":512,\"caption\":\"MARKETINGSide.pl - Kreatywna Agencja Marketingowa\"},\"image\":{\"@id\":\"https:\\\/\\\/marketingside.pl\\\/#\\\/schema\\\/logo\\\/image\\\/\"},\"sameAs\":[\"https:\\\/\\\/www.facebook.com\\\/Marketingside.socialmedia\",\"https:\\\/\\\/x.com\\\/MARKETINGSide4\",\"https:\\\/\\\/www.instagram.com\\\/marketingside.pl\\\/\",\"https:\\\/\\\/www.linkedin.com\\\/company\\\/marketingside\"]}]}<\/script>\n<!-- \/ Yoast SEO plugin. -->","yoast_head_json":{"title":"Produkcja materia\u0142\u00f3w reklamowych - MARKETINGSide.pl","robots":{"index":"index","follow":"follow","max-snippet":"max-snippet:-1","max-image-preview":"max-image-preview:large","max-video-preview":"max-video-preview:-1"},"canonical":"https:\/\/marketingside.pl\/index.php\/oferta\/produkcja-materialow-reklamowych\/","og_locale":"pl_PL","og_type":"article","og_title":"Produkcja materia\u0142\u00f3w reklamowych - MARKETINGSide.pl","og_description":"Produkcja materia\u0142\u00f3w reklamowych Czyli od projektu do wykonania! Nie tylko projektujemy ale te\u017c dysponujemy szerokim zapleczem do wykonania wszelkiego rodzaju...","og_url":"https:\/\/marketingside.pl\/index.php\/oferta\/produkcja-materialow-reklamowych\/","og_site_name":"MARKETINGSide.pl","article_publisher":"https:\/\/www.facebook.com\/Marketingside.socialmedia","article_modified_time":"2021-03-24T20:40:57+00:00","og_image":[{"url":"https:\/\/marketingside.pl\/wp-content\/uploads\/2021\/03\/mat.-reklam..png","type":"","width":"","height":""}],"twitter_card":"summary_large_image","twitter_site":"@MARKETINGSide4","twitter_misc":{"Szacowany czas czytania":"1 minuta"},"schema":{"@context":"https:\/\/schema.org","@graph":[{"@type":"WebPage","@id":"https:\/\/marketingside.pl\/index.php\/oferta\/produkcja-materialow-reklamowych\/","url":"https:\/\/marketingside.pl\/index.php\/oferta\/produkcja-materialow-reklamowych\/","name":"Produkcja materia\u0142\u00f3w reklamowych - MARKETINGSide.pl","isPartOf":{"@id":"https:\/\/marketingside.pl\/#website"},"primaryImageOfPage":{"@id":"https:\/\/marketingside.pl\/index.php\/oferta\/produkcja-materialow-reklamowych\/#primaryimage"},"image":{"@id":"https:\/\/marketingside.pl\/index.php\/oferta\/produkcja-materialow-reklamowych\/#primaryimage"},"thumbnailUrl":"https:\/\/marketingside.pl\/wp-content\/uploads\/2021\/03\/mat.-reklam..png","datePublished":"2021-01-11T12:13:34+00:00","dateModified":"2021-03-24T20:40:57+00:00","breadcrumb":{"@id":"https:\/\/marketingside.pl\/index.php\/oferta\/produkcja-materialow-reklamowych\/#breadcrumb"},"inLanguage":"pl-PL","potentialAction":[{"@type":"ReadAction","target":["https:\/\/marketingside.pl\/index.php\/oferta\/produkcja-materialow-reklamowych\/"]}]},{"@type":"ImageObject","inLanguage":"pl-PL","@id":"https:\/\/marketingside.pl\/index.php\/oferta\/produkcja-materialow-reklamowych\/#primaryimage","url":"https:\/\/marketingside.pl\/wp-content\/uploads\/2021\/03\/mat.-reklam..png","contentUrl":"https:\/\/marketingside.pl\/wp-content\/uploads\/2021\/03\/mat.-reklam..png","width":940,"height":788},{"@type":"BreadcrumbList","@id":"https:\/\/marketingside.pl\/index.php\/oferta\/produkcja-materialow-reklamowych\/#breadcrumb","itemListElement":[{"@type":"ListItem","position":1,"name":"Home","item":"https:\/\/marketingside.pl\/"},{"@type":"ListItem","position":2,"name":"Oferta","item":"https:\/\/marketingside.pl\/index.php\/oferta\/"},{"@type":"ListItem","position":3,"name":"Produkcja materia\u0142\u00f3w reklamowych"}]},{"@type":"WebSite","@id":"https:\/\/marketingside.pl\/#website","url":"https:\/\/marketingside.pl\/","name":"MARKETINGSide.pl","description":"Kreatywna Agencja Marketingowa","publisher":{"@id":"https:\/\/marketingside.pl\/#organization"},"potentialAction":[{"@type":"SearchAction","target":{"@type":"EntryPoint","urlTemplate":"https:\/\/marketingside.pl\/?s={search_term_string}"},"query-input":{"@type":"PropertyValueSpecification","valueRequired":true,"valueName":"search_term_string"}}],"inLanguage":"pl-PL"},{"@type":"Organization","@id":"https:\/\/marketingside.pl\/#organization","name":"MARKETINGSide.pl - Kreatywna Agencja Marketingowa","url":"https:\/\/marketingside.pl\/","logo":{"@type":"ImageObject","inLanguage":"pl-PL","@id":"https:\/\/marketingside.pl\/#\/schema\/logo\/image\/","url":"https:\/\/marketingside.pl\/wp-content\/uploads\/2021\/01\/cropped-1-1-1.png","contentUrl":"https:\/\/marketingside.pl\/wp-content\/uploads\/2021\/01\/cropped-1-1-1.png","width":512,"height":512,"caption":"MARKETINGSide.pl - Kreatywna Agencja Marketingowa"},"image":{"@id":"https:\/\/marketingside.pl\/#\/schema\/logo\/image\/"},"sameAs":["https:\/\/www.facebook.com\/Marketingside.socialmedia","https:\/\/x.com\/MARKETINGSide4","https:\/\/www.instagram.com\/marketingside.pl\/","https:\/\/www.linkedin.com\/company\/marketingside"]}]}},"_links":{"self":[{"href":"https:\/\/marketingside.pl\/index.php\/wp-json\/wp\/v2\/pages\/3199","targetHints":{"allow":["GET"]}}],"collection":[{"href":"https:\/\/marketingside.pl\/index.php\/wp-json\/wp\/v2\/pages"}],"about":[{"href":"https:\/\/marketingside.pl\/index.php\/wp-json\/wp\/v2\/types\/page"}],"author":[{"embeddable":true,"href":"https:\/\/marketingside.pl\/index.php\/wp-json\/wp\/v2\/users\/1"}],"replies":[{"embeddable":true,"href":"https:\/\/marketingside.pl\/index.php\/wp-json\/wp\/v2\/comments?post=3199"}],"version-history":[{"count":0,"href":"https:\/\/marketingside.pl\/index.php\/wp-json\/wp\/v2\/pages\/3199\/revisions"}],"up":[{"embeddable":true,"href":"https:\/\/marketingside.pl\/index.php\/wp-json\/wp\/v2\/pages\/605"}],"wp:attachment":[{"href":"https:\/\/marketingside.pl\/index.php\/wp-json\/wp\/v2\/media?parent=3199"}],"curies":[{"name":"wp","href":"https:\/\/api.w.org\/{rel}","templated":true}]}}