{"id":3194,"date":"2021-01-11T13:10:31","date_gmt":"2021-01-11T12:10:31","guid":{"rendered":"http:\/\/marketingside.pl\/?page_id=3194"},"modified":"2021-03-27T20:20:15","modified_gmt":"2021-03-27T19:20:15","slug":"fotografia","status":"publish","type":"page","link":"https:\/\/marketingside.pl\/index.php\/oferta\/fotografia\/","title":{"rendered":"Fotografia"},"content":{"rendered":"\t\t<div data-elementor-type=\"wp-page\" data-elementor-id=\"3194\" class=\"elementor elementor-3194\">\n\t\t\t\t\t\t<section class=\"elementor-section elementor-top-section elementor-element elementor-element-924920e elementor-section-boxed elementor-section-height-default elementor-section-height-default\" data-id=\"924920e\" data-element_type=\"section\" data-e-type=\"section\">\r\n\t\t\t\t\t\t<div class=\"elementor-container elementor-column-gap-thegem\"><div class=\"elementor-row\">\r\n\t\t\t\t\t<div class=\"elementor-column elementor-col-50 elementor-top-column elementor-element elementor-element-51adbb0\" data-id=\"51adbb0\" data-element_type=\"column\" data-e-type=\"column\">\n\t\t\t<div class=\"elementor-widget-wrap elementor-element-populated\">\n\t\t\t\t\t\t<div class=\"elementor-element elementor-element-7f229c4 flex-horizontal-align-default flex-horizontal-align-tablet-default flex-horizontal-align-mobile-default flex-vertical-align-default flex-vertical-align-tablet-default flex-vertical-align-mobile-default elementor-widget elementor-widget-image\" data-id=\"7f229c4\" data-element_type=\"widget\" data-e-type=\"widget\" data-widget_type=\"image.default\">\n\t\t\t\t<div class=\"elementor-widget-container\">\n\t\t\t\t\t\t\t\t\t\t\t\t\t\t\t<img width=\"766\" height=\"627\" src=\"https:\/\/marketingside.pl\/wp-content\/uploads\/2021\/01\/1-3-766x627.png\" class=\"attachment-thegem-custom-product-categories size-thegem-custom-product-categories wp-image-3309\" alt=\"fotografia 1 - Agencja Marketingowa MARKETINGSide.pl\" \/>\t\t\t\t\t\t\t\t\t\t\t\t\t\t\t<\/div>\n\t\t\t\t<\/div>\n\t\t\t\t<div class=\"elementor-element elementor-element-95bec12 flex-horizontal-align-default flex-horizontal-align-tablet-default flex-horizontal-align-mobile-default flex-vertical-align-default flex-vertical-align-tablet-default flex-vertical-align-mobile-default elementor-widget elementor-widget-image\" data-id=\"95bec12\" data-element_type=\"widget\" data-e-type=\"widget\" data-widget_type=\"image.default\">\n\t\t\t\t<div class=\"elementor-widget-container\">\n\t\t\t\t\t\t\t\t\t\t\t\t\t\t\t<img width=\"766\" height=\"622\" src=\"https:\/\/marketingside.pl\/wp-content\/uploads\/2021\/01\/2-1-766x622.png\" class=\"attachment-thegem-custom-product-categories size-thegem-custom-product-categories wp-image-3310\" alt=\"fotografia - Agencja Marketingowa MARKETINGSide.pl\" \/>\t\t\t\t\t\t\t\t\t\t\t\t\t\t\t<\/div>\n\t\t\t\t<\/div>\n\t\t\t\t\t<\/div>\n\t\t<\/div>\n\t\t\t\t<div class=\"elementor-column elementor-col-50 elementor-top-column elementor-element elementor-element-697e535\" data-id=\"697e535\" data-element_type=\"column\" data-e-type=\"column\">\n\t\t\t<div class=\"elementor-widget-wrap elementor-element-populated\">\n\t\t\t\t\t\t<div class=\"elementor-element elementor-element-63c46ae flex-horizontal-align-default flex-horizontal-align-tablet-default flex-horizontal-align-mobile-default flex-vertical-align-default flex-vertical-align-tablet-default flex-vertical-align-mobile-default elementor-widget elementor-widget-heading\" data-id=\"63c46ae\" data-element_type=\"widget\" data-e-type=\"widget\" data-widget_type=\"heading.default\">\n\t\t\t\t<div class=\"elementor-widget-container\">\n\t\t\t\t\t<h2 class=\"elementor-heading-title elementor-size-default\">FOTOGRAFIA<\/h2>\t\t\t\t<\/div>\n\t\t\t\t<\/div>\n\t\t\t\t<div class=\"elementor-element elementor-element-7a74fff elementor-widget-divider--view-line flex-horizontal-align-default flex-horizontal-align-tablet-default flex-horizontal-align-mobile-default flex-vertical-align-default flex-vertical-align-tablet-default flex-vertical-align-mobile-default elementor-widget elementor-widget-divider\" data-id=\"7a74fff\" data-element_type=\"widget\" data-e-type=\"widget\" data-widget_type=\"divider.default\">\n\t\t\t\t<div class=\"elementor-widget-container\">\n\t\t\t\t\t\t\t<div class=\"elementor-divider\">\n\t\t\t<span class=\"elementor-divider-separator\">\n\t\t\t\t\t\t<\/span>\n\t\t<\/div>\n\t\t\t\t\t\t<\/div>\n\t\t\t\t<\/div>\n\t\t\t\t<div class=\"elementor-element elementor-element-72ed1c9 flex-horizontal-align-default flex-horizontal-align-tablet-default flex-horizontal-align-mobile-default flex-vertical-align-default flex-vertical-align-tablet-default flex-vertical-align-mobile-default elementor-widget elementor-widget-text-editor\" data-id=\"72ed1c9\" data-element_type=\"widget\" data-e-type=\"widget\" data-widget_type=\"text-editor.default\">\n\t\t\t\t<div class=\"elementor-widget-container\">\n\t\t\t\t\t\t\t\t\t\t\t\t<div class=\"elementor-text-editor elementor-clearfix\">\r\n\t\t\t\t\t\t<div class=\"wpb_content_element \"><header id=\"ut_header_5ffddcd2868ab\" class=\"section-header ut-no-title-linebreak-mobile ut-no-lead-linebreak-mobile pt-style-2 header-left element-with-custom-line-height\"><div class=\"lead \" data-delay=\"0\"><p>MARKETINGSide to zesp\u00f3\u0142, dla kt\u00f3rego fotografia jest pasj\u0105. Z tej w\u0142a\u015bnie pasji za\u0142o\u017cyli\u015bmy nasz\u0105 firm\u0119 i konsekwentnie podejmujemy ka\u017cde wyzwanie tworz\u0105c wyr\u00f3\u017cniaj\u0105ce si\u0119 zdj\u0119cia dla naszych klient\u00f3w. Wsp\u00f3\u0142pracujemy zar\u00f3wno z du\u017cymi firmami, jak i z klientami indywidualnymi, w kraju i za granic\u0105.<\/p><p>Zdj\u0119cia wykonujemy u\u017cywaj\u0105c zawsze wysokiej klasy sprz\u0119tu, tak aby nie umkn\u0105\u0142 nam najmniejszy szczeg\u00f3\u0142. Nie ma dla nas rzeczy, kt\u00f3rych nie byliby\u015bmy w stanie sfotografowa\u0107.<\/p><p>Zajmujemy si\u0119:<br \/><b>\u2013 fotografi\u0105 reklamow\u0105, produktow\u0105<\/b><br \/><b>\u2013 fotografi\u0105 eventow\u0105<\/b><br \/><b>\u2013 reporta\u017cem<\/b><br \/><b>\u2013 fotografi\u0105 wizerunkow\u0105<\/b><br \/><b>\u2013 fotografi\u0105 wn\u0119trz<\/b><br \/><b>\u2013 kreacyjn\u0105 fotografi\u0105 modow\u0105<\/b><br \/><b>\u2013 jak r\u00f3wnie\u017c wykonujemy zdj\u0119cia dronem.<\/b><\/p><p>Nasz zesp\u00f3\u0142 posiada wieloletnie do\u015bwiadczenie nie tylko w zakresie wykonywania zdj\u0119\u0107, ale te\u017c ich dok\u0142adnej obr\u00f3bki. Pracujemy z pe\u0142n\u0105 pasj\u0105, z dba\u0142o\u015bci\u0105 o wysok\u0105 jako\u015b\u0107 oraz ka\u017cdy szczeg\u00f3\u0142.<\/p><\/div><\/header><\/div><p id=\"ut_custom_heading5ffddcd286ddd\" class=\"ut-custom-heading-module vc_custom_1580122688631\">Marketingside. #sesja zdj\u0119ciowa #fotoreporta\u017c #zdj\u0119cia dronem #zdj\u0119cia z lotu ptaka #fotografia wn\u0119trz #fotografia wizerunkowa #fotografia reklamowa #fotografia modowa<\/p>\t\t\t\t\t\t\t<\/div>\r\n\t\t\t\t\t\t\t\t\t\t<\/div>\n\t\t\t\t<\/div>\n\t\t\t\t\t<\/div>\n\t\t<\/div>\n\t\t\t\t\t<\/div><\/div>\r\n\t\t<\/section>\r\n\t\t\t\t<section class=\"elementor-section elementor-top-section elementor-element elementor-element-c3ac4d2 elementor-section-boxed elementor-section-height-default elementor-section-height-default\" data-id=\"c3ac4d2\" data-element_type=\"section\" data-e-type=\"section\">\r\n\t\t\t\t\t\t<div class=\"elementor-container elementor-column-gap-thegem\"><div class=\"elementor-row\">\r\n\t\t\t\t\t<div class=\"elementor-column elementor-col-100 elementor-top-column elementor-element elementor-element-7ddc135\" data-id=\"7ddc135\" data-element_type=\"column\" data-e-type=\"column\">\n\t\t\t<div class=\"elementor-widget-wrap elementor-element-populated\">\n\t\t\t\t\t\t<div class=\"elementor-element elementor-element-d81b14c flex-horizontal-align-default flex-horizontal-align-tablet-default flex-horizontal-align-mobile-default flex-vertical-align-default flex-vertical-align-tablet-default flex-vertical-align-mobile-default elementor-widget elementor-widget-heading\" data-id=\"d81b14c\" data-element_type=\"widget\" data-e-type=\"widget\" data-widget_type=\"heading.default\">\n\t\t\t\t<div class=\"elementor-widget-container\">\n\t\t\t\t\t<h2 class=\"elementor-heading-title elementor-size-default\">Napisz czego potrzebujesz<\/h2>\t\t\t\t<\/div>\n\t\t\t\t<\/div>\n\t\t\t\t<div class=\"elementor-element elementor-element-82c9884 flex-horizontal-align-default flex-horizontal-align-tablet-default flex-horizontal-align-mobile-default flex-vertical-align-default flex-vertical-align-tablet-default flex-vertical-align-mobile-default elementor-widget elementor-widget-text-editor\" data-id=\"82c9884\" data-element_type=\"widget\" data-e-type=\"widget\" data-widget_type=\"text-editor.default\">\n\t\t\t\t<div class=\"elementor-widget-container\">\n\t\t\t\t\t\t\t\t\t\t\t\t<div class=\"elementor-text-editor elementor-clearfix\">\r\n\t\t\t\t\t\t<p class=\"styled-subtitle\"><span class=\"letter-spacing\">Odpowiemy najszybciej jak to mo\u017cliwe oraz udzielimy odpowiedzi na ka\u017cde Twoje pytanie. <\/span><span style=\"letter-spacing: 0.05em;\">Opisz nam dok\u0142adnie swoje potrzeby, a przedstawimy Ci profesjonaln\u0105 ofert\u0119 \/ wycen\u0119.<\/span><\/p><p class=\"styled-subtitle\"><span class=\"letter-spacing\">Je\u015bli warunki b\u0119d\u0105 dla Ciebie satysfakcjonuj\u0105ce, to niezw\u0142ocznie rozpoczniemy wsp\u00f3\u0142prac\u0119.<\/span><\/p>\t\t\t\t\t\t\t<\/div>\r\n\t\t\t\t\t\t\t\t\t\t<\/div>\n\t\t\t\t<\/div>\n\t\t\t\t\t<\/div>\n\t\t<\/div>\n\t\t\t\t\t<\/div><\/div>\r\n\t\t<\/section>\r\n\t\t\t\t<\/div>\n\t\t","protected":false},"excerpt":{"rendered":"<p>FOTOGRAFIA MARKETINGSide to zesp\u00f3\u0142, dla kt\u00f3rego fotografia jest pasj\u0105. Z tej w\u0142a\u015bnie pasji za\u0142o\u017cyli\u015bmy nasz\u0105 firm\u0119 i konsekwentnie podejmujemy ka\u017cde&#8230;<\/p>\n","protected":false},"author":1,"featured_media":0,"parent":605,"menu_order":5,"comment_status":"closed","ping_status":"closed","template":"page-fullwidth.php","meta":{"footnotes":""},"class_list":["post-3194","page","type-page","status-publish"],"yoast_head":"<!-- This site is optimized with the Yoast SEO plugin v27.5 - https:\/\/yoast.com\/product\/yoast-seo-wordpress\/ -->\n<title>Fotografia - MARKETINGSide.pl<\/title>\n<meta name=\"robots\" content=\"index, follow, max-snippet:-1, max-image-preview:large, max-video-preview:-1\" \/>\n<link rel=\"canonical\" href=\"https:\/\/marketingside.pl\/index.php\/oferta\/fotografia\/\" \/>\n<meta property=\"og:locale\" content=\"pl_PL\" \/>\n<meta property=\"og:type\" content=\"article\" \/>\n<meta property=\"og:title\" content=\"Fotografia - MARKETINGSide.pl\" \/>\n<meta property=\"og:description\" content=\"FOTOGRAFIA MARKETINGSide to zesp\u00f3\u0142, dla kt\u00f3rego fotografia jest pasj\u0105. Z tej w\u0142a\u015bnie pasji za\u0142o\u017cyli\u015bmy nasz\u0105 firm\u0119 i konsekwentnie podejmujemy ka\u017cde...\" \/>\n<meta property=\"og:url\" content=\"https:\/\/marketingside.pl\/index.php\/oferta\/fotografia\/\" \/>\n<meta property=\"og:site_name\" content=\"MARKETINGSide.pl\" \/>\n<meta property=\"article:publisher\" content=\"https:\/\/www.facebook.com\/Marketingside.socialmedia\" \/>\n<meta property=\"article:modified_time\" content=\"2021-03-27T19:20:15+00:00\" \/>\n<meta property=\"og:image\" content=\"https:\/\/marketingside.pl\/wp-content\/uploads\/2021\/01\/1-3-766x627.png\" \/>\n<meta name=\"twitter:card\" content=\"summary_large_image\" \/>\n<meta name=\"twitter:site\" content=\"@MARKETINGSide4\" \/>\n<meta name=\"twitter:label1\" content=\"Szacowany czas czytania\" \/>\n\t<meta name=\"twitter:data1\" content=\"2 minuty\" \/>\n<script type=\"application\/ld+json\" class=\"yoast-schema-graph\">{\"@context\":\"https:\\\/\\\/schema.org\",\"@graph\":[{\"@type\":\"WebPage\",\"@id\":\"https:\\\/\\\/marketingside.pl\\\/index.php\\\/oferta\\\/fotografia\\\/\",\"url\":\"https:\\\/\\\/marketingside.pl\\\/index.php\\\/oferta\\\/fotografia\\\/\",\"name\":\"Fotografia - MARKETINGSide.pl\",\"isPartOf\":{\"@id\":\"https:\\\/\\\/marketingside.pl\\\/#website\"},\"primaryImageOfPage\":{\"@id\":\"https:\\\/\\\/marketingside.pl\\\/index.php\\\/oferta\\\/fotografia\\\/#primaryimage\"},\"image\":{\"@id\":\"https:\\\/\\\/marketingside.pl\\\/index.php\\\/oferta\\\/fotografia\\\/#primaryimage\"},\"thumbnailUrl\":\"https:\\\/\\\/marketingside.pl\\\/wp-content\\\/uploads\\\/2021\\\/01\\\/1-3-766x627.png\",\"datePublished\":\"2021-01-11T12:10:31+00:00\",\"dateModified\":\"2021-03-27T19:20:15+00:00\",\"breadcrumb\":{\"@id\":\"https:\\\/\\\/marketingside.pl\\\/index.php\\\/oferta\\\/fotografia\\\/#breadcrumb\"},\"inLanguage\":\"pl-PL\",\"potentialAction\":[{\"@type\":\"ReadAction\",\"target\":[\"https:\\\/\\\/marketingside.pl\\\/index.php\\\/oferta\\\/fotografia\\\/\"]}]},{\"@type\":\"ImageObject\",\"inLanguage\":\"pl-PL\",\"@id\":\"https:\\\/\\\/marketingside.pl\\\/index.php\\\/oferta\\\/fotografia\\\/#primaryimage\",\"url\":\"https:\\\/\\\/marketingside.pl\\\/wp-content\\\/uploads\\\/2021\\\/01\\\/1-3.png\",\"contentUrl\":\"https:\\\/\\\/marketingside.pl\\\/wp-content\\\/uploads\\\/2021\\\/01\\\/1-3.png\",\"width\":928,\"height\":627,\"caption\":\"fotografia 1 - Agencja Marketingowa MARKETINGSide.pl\"},{\"@type\":\"BreadcrumbList\",\"@id\":\"https:\\\/\\\/marketingside.pl\\\/index.php\\\/oferta\\\/fotografia\\\/#breadcrumb\",\"itemListElement\":[{\"@type\":\"ListItem\",\"position\":1,\"name\":\"Home\",\"item\":\"https:\\\/\\\/marketingside.pl\\\/\"},{\"@type\":\"ListItem\",\"position\":2,\"name\":\"Oferta\",\"item\":\"https:\\\/\\\/marketingside.pl\\\/index.php\\\/oferta\\\/\"},{\"@type\":\"ListItem\",\"position\":3,\"name\":\"Fotografia\"}]},{\"@type\":\"WebSite\",\"@id\":\"https:\\\/\\\/marketingside.pl\\\/#website\",\"url\":\"https:\\\/\\\/marketingside.pl\\\/\",\"name\":\"MARKETINGSide.pl\",\"description\":\"Kreatywna Agencja Marketingowa\",\"publisher\":{\"@id\":\"https:\\\/\\\/marketingside.pl\\\/#organization\"},\"potentialAction\":[{\"@type\":\"SearchAction\",\"target\":{\"@type\":\"EntryPoint\",\"urlTemplate\":\"https:\\\/\\\/marketingside.pl\\\/?s={search_term_string}\"},\"query-input\":{\"@type\":\"PropertyValueSpecification\",\"valueRequired\":true,\"valueName\":\"search_term_string\"}}],\"inLanguage\":\"pl-PL\"},{\"@type\":\"Organization\",\"@id\":\"https:\\\/\\\/marketingside.pl\\\/#organization\",\"name\":\"MARKETINGSide.pl - Kreatywna Agencja Marketingowa\",\"url\":\"https:\\\/\\\/marketingside.pl\\\/\",\"logo\":{\"@type\":\"ImageObject\",\"inLanguage\":\"pl-PL\",\"@id\":\"https:\\\/\\\/marketingside.pl\\\/#\\\/schema\\\/logo\\\/image\\\/\",\"url\":\"https:\\\/\\\/marketingside.pl\\\/wp-content\\\/uploads\\\/2021\\\/01\\\/cropped-1-1-1.png\",\"contentUrl\":\"https:\\\/\\\/marketingside.pl\\\/wp-content\\\/uploads\\\/2021\\\/01\\\/cropped-1-1-1.png\",\"width\":512,\"height\":512,\"caption\":\"MARKETINGSide.pl - Kreatywna Agencja Marketingowa\"},\"image\":{\"@id\":\"https:\\\/\\\/marketingside.pl\\\/#\\\/schema\\\/logo\\\/image\\\/\"},\"sameAs\":[\"https:\\\/\\\/www.facebook.com\\\/Marketingside.socialmedia\",\"https:\\\/\\\/x.com\\\/MARKETINGSide4\",\"https:\\\/\\\/www.instagram.com\\\/marketingside.pl\\\/\",\"https:\\\/\\\/www.linkedin.com\\\/company\\\/marketingside\"]}]}<\/script>\n<!-- \/ Yoast SEO plugin. -->","yoast_head_json":{"title":"Fotografia - MARKETINGSide.pl","robots":{"index":"index","follow":"follow","max-snippet":"max-snippet:-1","max-image-preview":"max-image-preview:large","max-video-preview":"max-video-preview:-1"},"canonical":"https:\/\/marketingside.pl\/index.php\/oferta\/fotografia\/","og_locale":"pl_PL","og_type":"article","og_title":"Fotografia - MARKETINGSide.pl","og_description":"FOTOGRAFIA MARKETINGSide to zesp\u00f3\u0142, dla kt\u00f3rego fotografia jest pasj\u0105. Z tej w\u0142a\u015bnie pasji za\u0142o\u017cyli\u015bmy nasz\u0105 firm\u0119 i konsekwentnie podejmujemy ka\u017cde...","og_url":"https:\/\/marketingside.pl\/index.php\/oferta\/fotografia\/","og_site_name":"MARKETINGSide.pl","article_publisher":"https:\/\/www.facebook.com\/Marketingside.socialmedia","article_modified_time":"2021-03-27T19:20:15+00:00","og_image":[{"url":"https:\/\/marketingside.pl\/wp-content\/uploads\/2021\/01\/1-3-766x627.png","type":"","width":"","height":""}],"twitter_card":"summary_large_image","twitter_site":"@MARKETINGSide4","twitter_misc":{"Szacowany czas czytania":"2 minuty"},"schema":{"@context":"https:\/\/schema.org","@graph":[{"@type":"WebPage","@id":"https:\/\/marketingside.pl\/index.php\/oferta\/fotografia\/","url":"https:\/\/marketingside.pl\/index.php\/oferta\/fotografia\/","name":"Fotografia - MARKETINGSide.pl","isPartOf":{"@id":"https:\/\/marketingside.pl\/#website"},"primaryImageOfPage":{"@id":"https:\/\/marketingside.pl\/index.php\/oferta\/fotografia\/#primaryimage"},"image":{"@id":"https:\/\/marketingside.pl\/index.php\/oferta\/fotografia\/#primaryimage"},"thumbnailUrl":"https:\/\/marketingside.pl\/wp-content\/uploads\/2021\/01\/1-3-766x627.png","datePublished":"2021-01-11T12:10:31+00:00","dateModified":"2021-03-27T19:20:15+00:00","breadcrumb":{"@id":"https:\/\/marketingside.pl\/index.php\/oferta\/fotografia\/#breadcrumb"},"inLanguage":"pl-PL","potentialAction":[{"@type":"ReadAction","target":["https:\/\/marketingside.pl\/index.php\/oferta\/fotografia\/"]}]},{"@type":"ImageObject","inLanguage":"pl-PL","@id":"https:\/\/marketingside.pl\/index.php\/oferta\/fotografia\/#primaryimage","url":"https:\/\/marketingside.pl\/wp-content\/uploads\/2021\/01\/1-3.png","contentUrl":"https:\/\/marketingside.pl\/wp-content\/uploads\/2021\/01\/1-3.png","width":928,"height":627,"caption":"fotografia 1 - Agencja Marketingowa MARKETINGSide.pl"},{"@type":"BreadcrumbList","@id":"https:\/\/marketingside.pl\/index.php\/oferta\/fotografia\/#breadcrumb","itemListElement":[{"@type":"ListItem","position":1,"name":"Home","item":"https:\/\/marketingside.pl\/"},{"@type":"ListItem","position":2,"name":"Oferta","item":"https:\/\/marketingside.pl\/index.php\/oferta\/"},{"@type":"ListItem","position":3,"name":"Fotografia"}]},{"@type":"WebSite","@id":"https:\/\/marketingside.pl\/#website","url":"https:\/\/marketingside.pl\/","name":"MARKETINGSide.pl","description":"Kreatywna Agencja Marketingowa","publisher":{"@id":"https:\/\/marketingside.pl\/#organization"},"potentialAction":[{"@type":"SearchAction","target":{"@type":"EntryPoint","urlTemplate":"https:\/\/marketingside.pl\/?s={search_term_string}"},"query-input":{"@type":"PropertyValueSpecification","valueRequired":true,"valueName":"search_term_string"}}],"inLanguage":"pl-PL"},{"@type":"Organization","@id":"https:\/\/marketingside.pl\/#organization","name":"MARKETINGSide.pl - Kreatywna Agencja Marketingowa","url":"https:\/\/marketingside.pl\/","logo":{"@type":"ImageObject","inLanguage":"pl-PL","@id":"https:\/\/marketingside.pl\/#\/schema\/logo\/image\/","url":"https:\/\/marketingside.pl\/wp-content\/uploads\/2021\/01\/cropped-1-1-1.png","contentUrl":"https:\/\/marketingside.pl\/wp-content\/uploads\/2021\/01\/cropped-1-1-1.png","width":512,"height":512,"caption":"MARKETINGSide.pl - Kreatywna Agencja Marketingowa"},"image":{"@id":"https:\/\/marketingside.pl\/#\/schema\/logo\/image\/"},"sameAs":["https:\/\/www.facebook.com\/Marketingside.socialmedia","https:\/\/x.com\/MARKETINGSide4","https:\/\/www.instagram.com\/marketingside.pl\/","https:\/\/www.linkedin.com\/company\/marketingside"]}]}},"_links":{"self":[{"href":"https:\/\/marketingside.pl\/index.php\/wp-json\/wp\/v2\/pages\/3194","targetHints":{"allow":["GET"]}}],"collection":[{"href":"https:\/\/marketingside.pl\/index.php\/wp-json\/wp\/v2\/pages"}],"about":[{"href":"https:\/\/marketingside.pl\/index.php\/wp-json\/wp\/v2\/types\/page"}],"author":[{"embeddable":true,"href":"https:\/\/marketingside.pl\/index.php\/wp-json\/wp\/v2\/users\/1"}],"replies":[{"embeddable":true,"href":"https:\/\/marketingside.pl\/index.php\/wp-json\/wp\/v2\/comments?post=3194"}],"version-history":[{"count":0,"href":"https:\/\/marketingside.pl\/index.php\/wp-json\/wp\/v2\/pages\/3194\/revisions"}],"up":[{"embeddable":true,"href":"https:\/\/marketingside.pl\/index.php\/wp-json\/wp\/v2\/pages\/605"}],"wp:attachment":[{"href":"https:\/\/marketingside.pl\/index.php\/wp-json\/wp\/v2\/media?parent=3194"}],"curies":[{"name":"wp","href":"https:\/\/api.w.org\/{rel}","templated":true}]}}