{"id":3188,"date":"2021-01-11T13:06:24","date_gmt":"2021-01-11T12:06:24","guid":{"rendered":"http:\/\/marketingside.pl\/?page_id=3188"},"modified":"2021-03-27T09:37:05","modified_gmt":"2021-03-27T08:37:05","slug":"projektowanie-graficzne","status":"publish","type":"page","link":"https:\/\/marketingside.pl\/index.php\/oferta\/projektowanie-graficzne\/","title":{"rendered":"Projektowanie graficzne"},"content":{"rendered":"\t\t<div data-elementor-type=\"wp-page\" data-elementor-id=\"3188\" class=\"elementor elementor-3188\">\n\t\t\t\t\t\t<section class=\"elementor-section elementor-top-section elementor-element elementor-element-08534d1 elementor-section-boxed elementor-section-height-default elementor-section-height-default\" data-id=\"08534d1\" data-element_type=\"section\" data-e-type=\"section\">\r\n\t\t\t\t\t\t<div class=\"elementor-container elementor-column-gap-thegem\"><div class=\"elementor-row\">\r\n\t\t\t\t\t<div class=\"elementor-column elementor-col-50 elementor-top-column elementor-element elementor-element-0cd1856\" data-id=\"0cd1856\" data-element_type=\"column\" data-e-type=\"column\">\n\t\t\t<div class=\"elementor-widget-wrap elementor-element-populated\">\n\t\t\t\t\t\t<div class=\"elementor-element elementor-element-10cc689 flex-horizontal-align-default flex-horizontal-align-tablet-default flex-horizontal-align-mobile-default flex-vertical-align-default flex-vertical-align-tablet-default flex-vertical-align-mobile-default elementor-widget elementor-widget-video\" data-id=\"10cc689\" data-element_type=\"widget\" data-e-type=\"widget\" data-settings=\"{&quot;video_type&quot;:&quot;hosted&quot;,&quot;loop&quot;:&quot;yes&quot;,&quot;controls&quot;:&quot;yes&quot;}\" data-widget_type=\"video.default\">\n\t\t\t\t<div class=\"elementor-widget-container\">\n\t\t\t\t\t\t\t<div class=\"e-hosted-video elementor-wrapper elementor-open-inline\">\n\t\t\t\t\t<video class=\"elementor-video\" src=\"http:\/\/marketingside.pl\/wp-content\/uploads\/2021\/01\/film-grafika.mp4\" loop=\"\" controls=\"\" preload=\"metadata\" controlsList=\"nodownload\"><\/video>\n\t\t\t\t<\/div>\n\t\t\t\t\t\t<\/div>\n\t\t\t\t<\/div>\n\t\t\t\t<div class=\"elementor-element elementor-element-98755cc flex-horizontal-align-default flex-horizontal-align-tablet-default flex-horizontal-align-mobile-default flex-vertical-align-default flex-vertical-align-tablet-default flex-vertical-align-mobile-default elementor-widget elementor-widget-image\" data-id=\"98755cc\" data-element_type=\"widget\" data-e-type=\"widget\" data-widget_type=\"image.default\">\n\t\t\t\t<div class=\"elementor-widget-container\">\n\t\t\t\t\t\t\t\t\t\t\t\t\t\t\t<img width=\"766\" height=\"619\" src=\"https:\/\/marketingside.pl\/wp-content\/uploads\/2021\/01\/zdjecie-produktowe-strona-www-rysunek-1-766x619.png\" class=\"attachment-thegem-custom-product-categories size-thegem-custom-product-categories wp-image-3333\" alt=\"Projektowanie graficzne - Agencja Marketingowa MARKETINGSide.pl\" \/>\t\t\t\t\t\t\t\t\t\t\t\t\t\t\t<\/div>\n\t\t\t\t<\/div>\n\t\t\t\t\t<\/div>\n\t\t<\/div>\n\t\t\t\t<div class=\"elementor-column elementor-col-50 elementor-top-column elementor-element elementor-element-0067e60\" data-id=\"0067e60\" data-element_type=\"column\" data-e-type=\"column\">\n\t\t\t<div class=\"elementor-widget-wrap elementor-element-populated\">\n\t\t\t\t\t\t<div class=\"elementor-element elementor-element-36d9622 flex-horizontal-align-default flex-horizontal-align-tablet-default flex-horizontal-align-mobile-default flex-vertical-align-default flex-vertical-align-tablet-default flex-vertical-align-mobile-default elementor-widget elementor-widget-heading\" data-id=\"36d9622\" data-element_type=\"widget\" data-e-type=\"widget\" data-widget_type=\"heading.default\">\n\t\t\t\t<div class=\"elementor-widget-container\">\n\t\t\t\t\t<h2 class=\"elementor-heading-title elementor-size-default\">PROJEKTOWANIE GRAFICZNE<\/h2>\t\t\t\t<\/div>\n\t\t\t\t<\/div>\n\t\t\t\t<div class=\"elementor-element elementor-element-a15dbf6 elementor-widget-divider--view-line flex-horizontal-align-default flex-horizontal-align-tablet-default flex-horizontal-align-mobile-default flex-vertical-align-default flex-vertical-align-tablet-default flex-vertical-align-mobile-default elementor-widget elementor-widget-divider\" data-id=\"a15dbf6\" data-element_type=\"widget\" data-e-type=\"widget\" data-widget_type=\"divider.default\">\n\t\t\t\t<div class=\"elementor-widget-container\">\n\t\t\t\t\t\t\t<div class=\"elementor-divider\">\n\t\t\t<span class=\"elementor-divider-separator\">\n\t\t\t\t\t\t<\/span>\n\t\t<\/div>\n\t\t\t\t\t\t<\/div>\n\t\t\t\t<\/div>\n\t\t\t\t<div class=\"elementor-element elementor-element-9bb5fd2 flex-horizontal-align-default flex-horizontal-align-tablet-default flex-horizontal-align-mobile-default flex-vertical-align-default flex-vertical-align-tablet-default flex-vertical-align-mobile-default elementor-widget elementor-widget-text-editor\" data-id=\"9bb5fd2\" data-element_type=\"widget\" data-e-type=\"widget\" data-widget_type=\"text-editor.default\">\n\t\t\t\t<div class=\"elementor-widget-container\">\n\t\t\t\t\t\t\t\t\t\t\t\t<div class=\"elementor-text-editor elementor-clearfix\">\r\n\t\t\t\t\t\t<div class=\"wpb_content_element \"><header id=\"ut_header_5ffdea8c5fda4\" class=\"section-header ut-no-title-linebreak-mobile ut-no-lead-linebreak-mobile pt-style-2 header-left element-with-custom-line-height\"><div class=\"lead \" data-delay=\"0\"><p>W zespole MARKETINGSide pomys\u0142owo\u015b\u0107 to podstawa, a projektowanie to nasza pasja w kt\u00f3r\u0105 wk\u0142adamy ca\u0142e nasze serce. Wiemy, jak skutecznie nadawa\u0107 kszta\u0142t pomys\u0142om tworz\u0105c ciekawe koncepcje kreatywne. Wszystko to wsparte jest ogromn\u0105 wiedz\u0105 techniczn\u0105 zdobywan\u0105 przez naszych grafik\u00f3w przez lata.<\/p><p>Niezale\u017cnie od tego czy jeste\u015b klientem indywidualnym, ma\u0142\u0105 czy du\u017c\u0105 firm\u0105 tw\u00f3j wizerunek ma znaczenie. Dlatego szczeg\u00f3lny nacisk k\u0142adziemy na wysoki poziom wykonania prac dla naszych klient\u00f3w. Do ka\u017cdego zadania podchodzimy ambitnie i zawsze staramy si\u0119 \u0142\u0105czy\u0107 u\u017cyteczno\u015b\u0107 z odpowiednimi walorami estetycznymi. Oczywi\u015bcie na tym nie ko\u0144czy si\u0119 nasze zadanie \u2013 zajmujemy si\u0119 przygotowaniem materia\u0142\u00f3w do druku oraz ich produkcj\u0105.<\/p><p>Tworzymy:<br \/><b>\u2013 logotypy<\/b><br \/><b>\u2013 ksi\u0119gi znaku<\/b><br \/><b>\u2013 materia\u0142y reklamowe: plakaty, ulotki, foldery, katalogi<\/b><br \/><b>\u2013 ok\u0142adki ksi\u0105\u017cek<\/b><br \/><b>\u2013 ok\u0142adki p\u0142yt muzycznych<\/b><br \/><b>\u2013 reklamy on-line<\/b><br \/><b>\u2013 strony internetowe<\/b><br \/><b>\u2013 key visual.<\/b><\/p><\/div><\/header><\/div><p id=\"ut_custom_heading5ffdea8c6038f\" class=\"ut-custom-heading-module vc_custom_1580121598047\">marketingside. #designs #projektowanie graficzne #identyfikacja wizualna #logotyp #plakat #ulotki #folder #katalog #reklamy on-line #key visual #strony internetowe #ok\u0142adki ksi\u0105\u017cek #ok\u0142adki p\u0142yt muzycznych<\/p>\t\t\t\t\t\t\t<\/div>\r\n\t\t\t\t\t\t\t\t\t\t<\/div>\n\t\t\t\t<\/div>\n\t\t\t\t\t<\/div>\n\t\t<\/div>\n\t\t\t\t\t<\/div><\/div>\r\n\t\t<\/section>\r\n\t\t\t\t<section class=\"elementor-section elementor-top-section elementor-element elementor-element-dbccf90 elementor-section-boxed elementor-section-height-default elementor-section-height-default\" data-id=\"dbccf90\" data-element_type=\"section\" data-e-type=\"section\">\r\n\t\t\t\t\t\t<div class=\"elementor-container elementor-column-gap-thegem\"><div class=\"elementor-row\">\r\n\t\t\t\t\t<div class=\"elementor-column elementor-col-100 elementor-top-column elementor-element elementor-element-671c1ce\" data-id=\"671c1ce\" data-element_type=\"column\" data-e-type=\"column\">\n\t\t\t<div class=\"elementor-widget-wrap elementor-element-populated\">\n\t\t\t\t\t\t<div class=\"elementor-element elementor-element-5b305dc flex-horizontal-align-default flex-horizontal-align-tablet-default flex-horizontal-align-mobile-default flex-vertical-align-default flex-vertical-align-tablet-default flex-vertical-align-mobile-default elementor-widget elementor-widget-heading\" data-id=\"5b305dc\" data-element_type=\"widget\" data-e-type=\"widget\" data-widget_type=\"heading.default\">\n\t\t\t\t<div class=\"elementor-widget-container\">\n\t\t\t\t\t<h2 class=\"elementor-heading-title elementor-size-default\">Napisz czego potrzebujesz<\/h2>\t\t\t\t<\/div>\n\t\t\t\t<\/div>\n\t\t\t\t<div class=\"elementor-element elementor-element-7ad3848 flex-horizontal-align-default flex-horizontal-align-tablet-default flex-horizontal-align-mobile-default flex-vertical-align-default flex-vertical-align-tablet-default flex-vertical-align-mobile-default elementor-widget elementor-widget-text-editor\" data-id=\"7ad3848\" data-element_type=\"widget\" data-e-type=\"widget\" data-widget_type=\"text-editor.default\">\n\t\t\t\t<div class=\"elementor-widget-container\">\n\t\t\t\t\t\t\t\t\t\t\t\t<div class=\"elementor-text-editor elementor-clearfix\">\r\n\t\t\t\t\t\t<p class=\"styled-subtitle\"><span class=\"letter-spacing\">Odpowiemy najszybciej jak to mo\u017cliwe oraz udzielimy odpowiedzi na ka\u017cde Twoje pytanie. <\/span><span style=\"letter-spacing: 0.05em;\">Opisz nam dok\u0142adnie swoje potrzeby, a przedstawimy Ci profesjonaln\u0105 ofert\u0119 \/ wycen\u0119.<\/span><\/p><p class=\"styled-subtitle\"><span class=\"letter-spacing\">Je\u015bli warunki b\u0119d\u0105 dla Ciebie satysfakcjonuj\u0105ce, to niezw\u0142ocznie rozpoczniemy wsp\u00f3\u0142prac\u0119.<\/span><\/p>\t\t\t\t\t\t\t<\/div>\r\n\t\t\t\t\t\t\t\t\t\t<\/div>\n\t\t\t\t<\/div>\n\t\t\t\t\t<\/div>\n\t\t<\/div>\n\t\t\t\t\t<\/div><\/div>\r\n\t\t<\/section>\r\n\t\t\t\t<\/div>\n\t\t","protected":false},"excerpt":{"rendered":"<p>http:\/\/marketingside.pl\/wp-content\/uploads\/2021\/01\/film-grafika.mp4 PROJEKTOWANIE GRAFICZNE W zespole MARKETINGSide pomys\u0142owo\u015b\u0107 to podstawa, a projektowanie to nasza pasja w kt\u00f3r\u0105 wk\u0142adamy ca\u0142e nasze serce&#8230;.<\/p>\n","protected":false},"author":1,"featured_media":0,"parent":605,"menu_order":4,"comment_status":"closed","ping_status":"closed","template":"page-fullwidth.php","meta":{"footnotes":""},"class_list":["post-3188","page","type-page","status-publish"],"yoast_head":"<!-- This site is optimized with the Yoast SEO plugin v27.5 - https:\/\/yoast.com\/product\/yoast-seo-wordpress\/ -->\n<title>xxx<\/title>\n<meta name=\"robots\" content=\"index, follow, max-snippet:-1, max-image-preview:large, max-video-preview:-1\" \/>\n<link rel=\"canonical\" href=\"https:\/\/marketingside.pl\/index.php\/oferta\/projektowanie-graficzne\/\" \/>\n<meta property=\"og:locale\" content=\"pl_PL\" \/>\n<meta property=\"og:type\" content=\"article\" \/>\n<meta property=\"og:title\" content=\"xxx\" \/>\n<meta property=\"og:description\" content=\"http:\/\/marketingside.pl\/wp-content\/uploads\/2021\/01\/film-grafika.mp4 PROJEKTOWANIE GRAFICZNE W zespole MARKETINGSide pomys\u0142owo\u015b\u0107 to podstawa, a projektowanie to nasza pasja w kt\u00f3r\u0105 wk\u0142adamy ca\u0142e nasze serce....\" \/>\n<meta property=\"og:url\" content=\"https:\/\/marketingside.pl\/index.php\/oferta\/projektowanie-graficzne\/\" \/>\n<meta property=\"og:site_name\" content=\"MARKETINGSide.pl\" \/>\n<meta property=\"article:publisher\" content=\"https:\/\/www.facebook.com\/Marketingside.socialmedia\" \/>\n<meta property=\"article:modified_time\" content=\"2021-03-27T08:37:05+00:00\" \/>\n<meta property=\"og:image\" content=\"https:\/\/marketingside.pl\/wp-content\/uploads\/2021\/01\/zdjecie-produktowe-strona-www-rysunek-1-766x619.png\" \/>\n<meta name=\"twitter:card\" content=\"summary_large_image\" \/>\n<meta name=\"twitter:site\" content=\"@MARKETINGSide4\" \/>\n<meta name=\"twitter:label1\" content=\"Szacowany czas czytania\" \/>\n\t<meta name=\"twitter:data1\" content=\"1 minuta\" \/>\n<script type=\"application\/ld+json\" class=\"yoast-schema-graph\">{\"@context\":\"https:\\\/\\\/schema.org\",\"@graph\":[{\"@type\":\"WebPage\",\"@id\":\"https:\\\/\\\/marketingside.pl\\\/index.php\\\/oferta\\\/projektowanie-graficzne\\\/\",\"url\":\"https:\\\/\\\/marketingside.pl\\\/index.php\\\/oferta\\\/projektowanie-graficzne\\\/\",\"name\":\"xxx\",\"isPartOf\":{\"@id\":\"https:\\\/\\\/marketingside.pl\\\/#website\"},\"primaryImageOfPage\":{\"@id\":\"https:\\\/\\\/marketingside.pl\\\/index.php\\\/oferta\\\/projektowanie-graficzne\\\/#primaryimage\"},\"image\":{\"@id\":\"https:\\\/\\\/marketingside.pl\\\/index.php\\\/oferta\\\/projektowanie-graficzne\\\/#primaryimage\"},\"thumbnailUrl\":\"https:\\\/\\\/marketingside.pl\\\/wp-content\\\/uploads\\\/2021\\\/01\\\/zdjecie-produktowe-strona-www-rysunek-1-766x619.png\",\"datePublished\":\"2021-01-11T12:06:24+00:00\",\"dateModified\":\"2021-03-27T08:37:05+00:00\",\"breadcrumb\":{\"@id\":\"https:\\\/\\\/marketingside.pl\\\/index.php\\\/oferta\\\/projektowanie-graficzne\\\/#breadcrumb\"},\"inLanguage\":\"pl-PL\",\"potentialAction\":[{\"@type\":\"ReadAction\",\"target\":[\"https:\\\/\\\/marketingside.pl\\\/index.php\\\/oferta\\\/projektowanie-graficzne\\\/\"]}]},{\"@type\":\"ImageObject\",\"inLanguage\":\"pl-PL\",\"@id\":\"https:\\\/\\\/marketingside.pl\\\/index.php\\\/oferta\\\/projektowanie-graficzne\\\/#primaryimage\",\"url\":\"https:\\\/\\\/marketingside.pl\\\/wp-content\\\/uploads\\\/2021\\\/01\\\/zdjecie-produktowe-strona-www-rysunek-1.png\",\"contentUrl\":\"https:\\\/\\\/marketingside.pl\\\/wp-content\\\/uploads\\\/2021\\\/01\\\/zdjecie-produktowe-strona-www-rysunek-1.png\",\"width\":927,\"height\":619,\"caption\":\"Projektowanie graficzne - Agencja Marketingowa MARKETINGSide.pl\"},{\"@type\":\"BreadcrumbList\",\"@id\":\"https:\\\/\\\/marketingside.pl\\\/index.php\\\/oferta\\\/projektowanie-graficzne\\\/#breadcrumb\",\"itemListElement\":[{\"@type\":\"ListItem\",\"position\":1,\"name\":\"Home\",\"item\":\"https:\\\/\\\/marketingside.pl\\\/\"},{\"@type\":\"ListItem\",\"position\":2,\"name\":\"Oferta\",\"item\":\"https:\\\/\\\/marketingside.pl\\\/index.php\\\/oferta\\\/\"},{\"@type\":\"ListItem\",\"position\":3,\"name\":\"Projektowanie graficzne\"}]},{\"@type\":\"WebSite\",\"@id\":\"https:\\\/\\\/marketingside.pl\\\/#website\",\"url\":\"https:\\\/\\\/marketingside.pl\\\/\",\"name\":\"MARKETINGSide.pl\",\"description\":\"Kreatywna Agencja Marketingowa\",\"publisher\":{\"@id\":\"https:\\\/\\\/marketingside.pl\\\/#organization\"},\"potentialAction\":[{\"@type\":\"SearchAction\",\"target\":{\"@type\":\"EntryPoint\",\"urlTemplate\":\"https:\\\/\\\/marketingside.pl\\\/?s={search_term_string}\"},\"query-input\":{\"@type\":\"PropertyValueSpecification\",\"valueRequired\":true,\"valueName\":\"search_term_string\"}}],\"inLanguage\":\"pl-PL\"},{\"@type\":\"Organization\",\"@id\":\"https:\\\/\\\/marketingside.pl\\\/#organization\",\"name\":\"MARKETINGSide.pl - Kreatywna Agencja Marketingowa\",\"url\":\"https:\\\/\\\/marketingside.pl\\\/\",\"logo\":{\"@type\":\"ImageObject\",\"inLanguage\":\"pl-PL\",\"@id\":\"https:\\\/\\\/marketingside.pl\\\/#\\\/schema\\\/logo\\\/image\\\/\",\"url\":\"https:\\\/\\\/marketingside.pl\\\/wp-content\\\/uploads\\\/2021\\\/01\\\/cropped-1-1-1.png\",\"contentUrl\":\"https:\\\/\\\/marketingside.pl\\\/wp-content\\\/uploads\\\/2021\\\/01\\\/cropped-1-1-1.png\",\"width\":512,\"height\":512,\"caption\":\"MARKETINGSide.pl - Kreatywna Agencja Marketingowa\"},\"image\":{\"@id\":\"https:\\\/\\\/marketingside.pl\\\/#\\\/schema\\\/logo\\\/image\\\/\"},\"sameAs\":[\"https:\\\/\\\/www.facebook.com\\\/Marketingside.socialmedia\",\"https:\\\/\\\/x.com\\\/MARKETINGSide4\",\"https:\\\/\\\/www.instagram.com\\\/marketingside.pl\\\/\",\"https:\\\/\\\/www.linkedin.com\\\/company\\\/marketingside\"]}]}<\/script>\n<!-- \/ Yoast SEO plugin. -->","yoast_head_json":{"title":"xxx","robots":{"index":"index","follow":"follow","max-snippet":"max-snippet:-1","max-image-preview":"max-image-preview:large","max-video-preview":"max-video-preview:-1"},"canonical":"https:\/\/marketingside.pl\/index.php\/oferta\/projektowanie-graficzne\/","og_locale":"pl_PL","og_type":"article","og_title":"xxx","og_description":"http:\/\/marketingside.pl\/wp-content\/uploads\/2021\/01\/film-grafika.mp4 PROJEKTOWANIE GRAFICZNE W zespole MARKETINGSide pomys\u0142owo\u015b\u0107 to podstawa, a projektowanie to nasza pasja w kt\u00f3r\u0105 wk\u0142adamy ca\u0142e nasze serce....","og_url":"https:\/\/marketingside.pl\/index.php\/oferta\/projektowanie-graficzne\/","og_site_name":"MARKETINGSide.pl","article_publisher":"https:\/\/www.facebook.com\/Marketingside.socialmedia","article_modified_time":"2021-03-27T08:37:05+00:00","og_image":[{"url":"https:\/\/marketingside.pl\/wp-content\/uploads\/2021\/01\/zdjecie-produktowe-strona-www-rysunek-1-766x619.png","type":"","width":"","height":""}],"twitter_card":"summary_large_image","twitter_site":"@MARKETINGSide4","twitter_misc":{"Szacowany czas czytania":"1 minuta"},"schema":{"@context":"https:\/\/schema.org","@graph":[{"@type":"WebPage","@id":"https:\/\/marketingside.pl\/index.php\/oferta\/projektowanie-graficzne\/","url":"https:\/\/marketingside.pl\/index.php\/oferta\/projektowanie-graficzne\/","name":"xxx","isPartOf":{"@id":"https:\/\/marketingside.pl\/#website"},"primaryImageOfPage":{"@id":"https:\/\/marketingside.pl\/index.php\/oferta\/projektowanie-graficzne\/#primaryimage"},"image":{"@id":"https:\/\/marketingside.pl\/index.php\/oferta\/projektowanie-graficzne\/#primaryimage"},"thumbnailUrl":"https:\/\/marketingside.pl\/wp-content\/uploads\/2021\/01\/zdjecie-produktowe-strona-www-rysunek-1-766x619.png","datePublished":"2021-01-11T12:06:24+00:00","dateModified":"2021-03-27T08:37:05+00:00","breadcrumb":{"@id":"https:\/\/marketingside.pl\/index.php\/oferta\/projektowanie-graficzne\/#breadcrumb"},"inLanguage":"pl-PL","potentialAction":[{"@type":"ReadAction","target":["https:\/\/marketingside.pl\/index.php\/oferta\/projektowanie-graficzne\/"]}]},{"@type":"ImageObject","inLanguage":"pl-PL","@id":"https:\/\/marketingside.pl\/index.php\/oferta\/projektowanie-graficzne\/#primaryimage","url":"https:\/\/marketingside.pl\/wp-content\/uploads\/2021\/01\/zdjecie-produktowe-strona-www-rysunek-1.png","contentUrl":"https:\/\/marketingside.pl\/wp-content\/uploads\/2021\/01\/zdjecie-produktowe-strona-www-rysunek-1.png","width":927,"height":619,"caption":"Projektowanie graficzne - Agencja Marketingowa MARKETINGSide.pl"},{"@type":"BreadcrumbList","@id":"https:\/\/marketingside.pl\/index.php\/oferta\/projektowanie-graficzne\/#breadcrumb","itemListElement":[{"@type":"ListItem","position":1,"name":"Home","item":"https:\/\/marketingside.pl\/"},{"@type":"ListItem","position":2,"name":"Oferta","item":"https:\/\/marketingside.pl\/index.php\/oferta\/"},{"@type":"ListItem","position":3,"name":"Projektowanie graficzne"}]},{"@type":"WebSite","@id":"https:\/\/marketingside.pl\/#website","url":"https:\/\/marketingside.pl\/","name":"MARKETINGSide.pl","description":"Kreatywna Agencja Marketingowa","publisher":{"@id":"https:\/\/marketingside.pl\/#organization"},"potentialAction":[{"@type":"SearchAction","target":{"@type":"EntryPoint","urlTemplate":"https:\/\/marketingside.pl\/?s={search_term_string}"},"query-input":{"@type":"PropertyValueSpecification","valueRequired":true,"valueName":"search_term_string"}}],"inLanguage":"pl-PL"},{"@type":"Organization","@id":"https:\/\/marketingside.pl\/#organization","name":"MARKETINGSide.pl - Kreatywna Agencja Marketingowa","url":"https:\/\/marketingside.pl\/","logo":{"@type":"ImageObject","inLanguage":"pl-PL","@id":"https:\/\/marketingside.pl\/#\/schema\/logo\/image\/","url":"https:\/\/marketingside.pl\/wp-content\/uploads\/2021\/01\/cropped-1-1-1.png","contentUrl":"https:\/\/marketingside.pl\/wp-content\/uploads\/2021\/01\/cropped-1-1-1.png","width":512,"height":512,"caption":"MARKETINGSide.pl - Kreatywna Agencja Marketingowa"},"image":{"@id":"https:\/\/marketingside.pl\/#\/schema\/logo\/image\/"},"sameAs":["https:\/\/www.facebook.com\/Marketingside.socialmedia","https:\/\/x.com\/MARKETINGSide4","https:\/\/www.instagram.com\/marketingside.pl\/","https:\/\/www.linkedin.com\/company\/marketingside"]}]}},"_links":{"self":[{"href":"https:\/\/marketingside.pl\/index.php\/wp-json\/wp\/v2\/pages\/3188","targetHints":{"allow":["GET"]}}],"collection":[{"href":"https:\/\/marketingside.pl\/index.php\/wp-json\/wp\/v2\/pages"}],"about":[{"href":"https:\/\/marketingside.pl\/index.php\/wp-json\/wp\/v2\/types\/page"}],"author":[{"embeddable":true,"href":"https:\/\/marketingside.pl\/index.php\/wp-json\/wp\/v2\/users\/1"}],"replies":[{"embeddable":true,"href":"https:\/\/marketingside.pl\/index.php\/wp-json\/wp\/v2\/comments?post=3188"}],"version-history":[{"count":0,"href":"https:\/\/marketingside.pl\/index.php\/wp-json\/wp\/v2\/pages\/3188\/revisions"}],"up":[{"embeddable":true,"href":"https:\/\/marketingside.pl\/index.php\/wp-json\/wp\/v2\/pages\/605"}],"wp:attachment":[{"href":"https:\/\/marketingside.pl\/index.php\/wp-json\/wp\/v2\/media?parent=3188"}],"curies":[{"name":"wp","href":"https:\/\/api.w.org\/{rel}","templated":true}]}}