{"id":3169,"date":"2021-01-11T00:27:53","date_gmt":"2021-01-10T23:27:53","guid":{"rendered":"http:\/\/marketingside.pl\/?page_id=3169"},"modified":"2021-03-27T20:18:49","modified_gmt":"2021-03-27T19:18:49","slug":"marketing-internetowy","status":"publish","type":"page","link":"https:\/\/marketingside.pl\/index.php\/oferta\/marketing-internetowy\/","title":{"rendered":"Marketing internetowy"},"content":{"rendered":"\t\t<div data-elementor-type=\"wp-page\" data-elementor-id=\"3169\" class=\"elementor elementor-3169\">\n\t\t\t\t\t\t<section class=\"elementor-section elementor-top-section elementor-element elementor-element-bda1e17 elementor-section-boxed elementor-section-height-default elementor-section-height-default\" data-id=\"bda1e17\" data-element_type=\"section\" data-e-type=\"section\">\r\n\t\t\t\t\t\t<div class=\"elementor-container elementor-column-gap-thegem\"><div class=\"elementor-row\">\r\n\t\t\t\t\t<div class=\"elementor-column elementor-col-50 elementor-top-column elementor-element elementor-element-a511c52\" data-id=\"a511c52\" data-element_type=\"column\" data-e-type=\"column\">\n\t\t\t<div class=\"elementor-widget-wrap elementor-element-populated\">\n\t\t\t\t\t\t<div class=\"elementor-element elementor-element-990b5b2 flex-horizontal-align-default flex-horizontal-align-tablet-default flex-horizontal-align-mobile-default flex-vertical-align-default flex-vertical-align-tablet-default flex-vertical-align-mobile-default elementor-widget elementor-widget-image\" data-id=\"990b5b2\" data-element_type=\"widget\" data-e-type=\"widget\" data-widget_type=\"image.default\">\n\t\t\t\t<div class=\"elementor-widget-container\">\n\t\t\t\t\t\t\t\t\t\t\t\t\t\t\t<img width=\"766\" height=\"731\" src=\"https:\/\/marketingside.pl\/wp-content\/uploads\/2021\/01\/6-766x731.png\" class=\"attachment-thegem-custom-product-categories size-thegem-custom-product-categories wp-image-3352\" alt=\"Marketing internetowy 1 - Agencja Marketingowa MARKETINGSide.pl\" \/>\t\t\t\t\t\t\t\t\t\t\t\t\t\t\t<\/div>\n\t\t\t\t<\/div>\n\t\t\t\t<div class=\"elementor-element elementor-element-19a822b flex-horizontal-align-default flex-horizontal-align-tablet-default flex-horizontal-align-mobile-default flex-vertical-align-default flex-vertical-align-tablet-default flex-vertical-align-mobile-default elementor-widget elementor-widget-image\" data-id=\"19a822b\" data-element_type=\"widget\" data-e-type=\"widget\" data-widget_type=\"image.default\">\n\t\t\t\t<div class=\"elementor-widget-container\">\n\t\t\t\t\t\t\t\t\t\t\t\t\t\t\t<img width=\"766\" height=\"731\" src=\"https:\/\/marketingside.pl\/wp-content\/uploads\/2021\/01\/7-766x731.png\" class=\"attachment-thegem-custom-product-categories size-thegem-custom-product-categories wp-image-3353\" alt=\"Marketing internetowy - Agencja Marketingowa MARKETINGSide.pl\" \/>\t\t\t\t\t\t\t\t\t\t\t\t\t\t\t<\/div>\n\t\t\t\t<\/div>\n\t\t\t\t\t<\/div>\n\t\t<\/div>\n\t\t\t\t<div class=\"elementor-column elementor-col-50 elementor-top-column elementor-element elementor-element-4a174aa\" data-id=\"4a174aa\" data-element_type=\"column\" data-e-type=\"column\">\n\t\t\t<div class=\"elementor-widget-wrap elementor-element-populated\">\n\t\t\t\t\t\t<div class=\"elementor-element elementor-element-135a0a1 flex-horizontal-align-default flex-horizontal-align-tablet-default flex-horizontal-align-mobile-default flex-vertical-align-default flex-vertical-align-tablet-default flex-vertical-align-mobile-default elementor-widget elementor-widget-heading\" data-id=\"135a0a1\" data-element_type=\"widget\" data-e-type=\"widget\" data-widget_type=\"heading.default\">\n\t\t\t\t<div class=\"elementor-widget-container\">\n\t\t\t\t\t<h2 class=\"elementor-heading-title elementor-size-default\">MARKETING INTERNETOWY CONTENT MARKETING, COPYWRITING<\/h2>\t\t\t\t<\/div>\n\t\t\t\t<\/div>\n\t\t\t\t<div class=\"elementor-element elementor-element-3e83a97 elementor-widget-divider--view-line flex-horizontal-align-default flex-horizontal-align-tablet-default flex-horizontal-align-mobile-default flex-vertical-align-default flex-vertical-align-tablet-default flex-vertical-align-mobile-default elementor-widget elementor-widget-divider\" data-id=\"3e83a97\" data-element_type=\"widget\" data-e-type=\"widget\" data-widget_type=\"divider.default\">\n\t\t\t\t<div class=\"elementor-widget-container\">\n\t\t\t\t\t\t\t<div class=\"elementor-divider\">\n\t\t\t<span class=\"elementor-divider-separator\">\n\t\t\t\t\t\t<\/span>\n\t\t<\/div>\n\t\t\t\t\t\t<\/div>\n\t\t\t\t<\/div>\n\t\t\t\t<div class=\"elementor-element elementor-element-578ebd7 flex-horizontal-align-default flex-horizontal-align-tablet-default flex-horizontal-align-mobile-default flex-vertical-align-default flex-vertical-align-tablet-default flex-vertical-align-mobile-default elementor-widget elementor-widget-text-editor\" data-id=\"578ebd7\" data-element_type=\"widget\" data-e-type=\"widget\" data-widget_type=\"text-editor.default\">\n\t\t\t\t<div class=\"elementor-widget-container\">\n\t\t\t\t\t\t\t\t\t\t\t\t<div class=\"elementor-text-editor elementor-clearfix\">\r\n\t\t\t\t\t\t<div class=\"services-editor\">Dla wielu os\u00f3b zarz\u0105dzanie swoj\u0105 obecno\u015bci\u0105 w Internecie przypomina robienie zdj\u0119\u0107 w ciemno\u015bci. Nie ka\u017cdy zna tajniki Facebooka, Twittera czy Instagrama. Dobra wiadomo\u015b\u0107 jest taka, nie musisz si\u0119 na tym zna\u0107. Mo\u017cemy zarz\u0105dza\u0107 Twoimi postami z wielkim zaanga\u017cowaniem za Ciebie. Tworzymy r\u00f3wnie\u017c szyte na miar\u0119 kampanie reklamowe na Facebooku.<\/div><div class=\"services-editor\"><p>Copywriting to odpowiednie operowanie s\u0142owami. Niezale\u017cnie od tego co oferujesz pomaga to w sprzeda\u017cy oraz promocji twojego biznesu.<\/p><p>Tekst musi spe\u0142nia\u0107 swoje zadanie \u2013 musi przemawia\u0107 do ludzi oraz przyci\u0105ga\u0107 potencjalnych klient\u00f3w. W MARKETINGSide wiemy jak umiej\u0119tnie wp\u0142ywa\u0107 s\u0142owem na odbiorc\u0119, jak kreatywnie si\u0119 wyr\u00f3\u017cnia\u0107, by Twoja firma mog\u0142a zyska\u0107 wizerunek nowoczesnej i wartej zainteresowania.<\/p><\/div><div class=\"services-available\"><p>Oferujemy:<br \/><b>\u2013 teksty oraz scenariusze spot\u00f3w<\/b><br \/><b>\u2013 tre\u015bci na strony internetowe, fanpage, blogi<\/b><br \/><b>\u2013 teksty do broszur reklamowych, ulotek itd.<\/b><br \/><b>\u2013 has\u0142a reklamowe<\/b><br \/><b>\u2013 ofertowy handlowe.<\/b><\/p><p>Je\u015bli obecnie sp\u0119dzasz wi\u0119cej czasu ni\u017c chcesz na aktualizowaniu tre\u015bci na Facebooku, Twitterze, Instagramie, Linkedin i burzy m\u00f3zg\u00f3w, mo\u017cesz skorzysta\u0107 z naszych us\u0142ug eksperckich.\u00a0<\/p><p>marketingside. #Social Media# Facebook #Instagram #marketing internetowy #posty #fanpage #has\u0142a reklamowe\u00a0 #kampanie reklamowe\u00a0<\/p><\/div>\t\t\t\t\t\t\t<\/div>\r\n\t\t\t\t\t\t\t\t\t\t<\/div>\n\t\t\t\t<\/div>\n\t\t\t\t\t<\/div>\n\t\t<\/div>\n\t\t\t\t\t<\/div><\/div>\r\n\t\t<\/section>\r\n\t\t\t\t<section class=\"elementor-section elementor-top-section elementor-element elementor-element-98f7151 elementor-section-boxed elementor-section-height-default elementor-section-height-default\" data-id=\"98f7151\" data-element_type=\"section\" data-e-type=\"section\">\r\n\t\t\t\t\t\t<div class=\"elementor-container elementor-column-gap-thegem\"><div class=\"elementor-row\">\r\n\t\t\t\t\t<div class=\"elementor-column elementor-col-100 elementor-top-column elementor-element elementor-element-7f90b90\" data-id=\"7f90b90\" data-element_type=\"column\" data-e-type=\"column\">\n\t\t\t<div class=\"elementor-widget-wrap elementor-element-populated\">\n\t\t\t\t\t\t<div class=\"elementor-element elementor-element-cc8bf05 flex-horizontal-align-default flex-horizontal-align-tablet-default flex-horizontal-align-mobile-default flex-vertical-align-default flex-vertical-align-tablet-default flex-vertical-align-mobile-default elementor-widget elementor-widget-heading\" data-id=\"cc8bf05\" data-element_type=\"widget\" data-e-type=\"widget\" data-widget_type=\"heading.default\">\n\t\t\t\t<div class=\"elementor-widget-container\">\n\t\t\t\t\t<h2 class=\"elementor-heading-title elementor-size-default\">Napisz czego potrzebujesz<\/h2>\t\t\t\t<\/div>\n\t\t\t\t<\/div>\n\t\t\t\t<div class=\"elementor-element elementor-element-268ddd2 flex-horizontal-align-default flex-horizontal-align-tablet-default flex-horizontal-align-mobile-default flex-vertical-align-default flex-vertical-align-tablet-default flex-vertical-align-mobile-default elementor-widget elementor-widget-text-editor\" data-id=\"268ddd2\" data-element_type=\"widget\" data-e-type=\"widget\" data-widget_type=\"text-editor.default\">\n\t\t\t\t<div class=\"elementor-widget-container\">\n\t\t\t\t\t\t\t\t\t\t\t\t<div class=\"elementor-text-editor elementor-clearfix\">\r\n\t\t\t\t\t\t<p class=\"styled-subtitle\"><span class=\"letter-spacing\">Odpowiemy najszybciej jak to mo\u017cliwe oraz udzielimy odpowiedzi na ka\u017cde Twoje pytanie. <\/span><span style=\"letter-spacing: 0.05em;\">Opisz nam dok\u0142adnie swoje potrzeby, a przedstawimy Ci profesjonaln\u0105 ofert\u0119 \/ wycen\u0119.<\/span><\/p><p class=\"styled-subtitle\"><span class=\"letter-spacing\">Je\u015bli warunki b\u0119d\u0105 dla Ciebie satysfakcjonuj\u0105ce, to niezw\u0142ocznie rozpoczniemy wsp\u00f3\u0142prac\u0119.<\/span><\/p>\t\t\t\t\t\t\t<\/div>\r\n\t\t\t\t\t\t\t\t\t\t<\/div>\n\t\t\t\t<\/div>\n\t\t\t\t\t<\/div>\n\t\t<\/div>\n\t\t\t\t\t<\/div><\/div>\r\n\t\t<\/section>\r\n\t\t\t\t<\/div>\n\t\t","protected":false},"excerpt":{"rendered":"<p>MARKETING INTERNETOWY CONTENT MARKETING, COPYWRITING Dla wielu os\u00f3b zarz\u0105dzanie swoj\u0105 obecno\u015bci\u0105 w Internecie przypomina robienie zdj\u0119\u0107 w ciemno\u015bci. Nie ka\u017cdy&#8230;<\/p>\n","protected":false},"author":1,"featured_media":0,"parent":605,"menu_order":3,"comment_status":"closed","ping_status":"closed","template":"page-fullwidth.php","meta":{"footnotes":""},"class_list":["post-3169","page","type-page","status-publish"],"yoast_head":"<!-- This site is optimized with the Yoast SEO plugin v27.5 - https:\/\/yoast.com\/product\/yoast-seo-wordpress\/ -->\n<title>Marketing internetowy - MARKETINGSide.pl<\/title>\n<meta name=\"robots\" content=\"index, follow, max-snippet:-1, max-image-preview:large, max-video-preview:-1\" \/>\n<link rel=\"canonical\" href=\"https:\/\/marketingside.pl\/index.php\/oferta\/marketing-internetowy\/\" \/>\n<meta property=\"og:locale\" content=\"pl_PL\" \/>\n<meta property=\"og:type\" content=\"article\" \/>\n<meta property=\"og:title\" content=\"Marketing internetowy - MARKETINGSide.pl\" \/>\n<meta property=\"og:description\" content=\"MARKETING INTERNETOWY CONTENT MARKETING, COPYWRITING Dla wielu os\u00f3b zarz\u0105dzanie swoj\u0105 obecno\u015bci\u0105 w Internecie przypomina robienie zdj\u0119\u0107 w ciemno\u015bci. Nie ka\u017cdy...\" \/>\n<meta property=\"og:url\" content=\"https:\/\/marketingside.pl\/index.php\/oferta\/marketing-internetowy\/\" \/>\n<meta property=\"og:site_name\" content=\"MARKETINGSide.pl\" \/>\n<meta property=\"article:publisher\" content=\"https:\/\/www.facebook.com\/Marketingside.socialmedia\" \/>\n<meta property=\"article:modified_time\" content=\"2021-03-27T19:18:49+00:00\" \/>\n<meta property=\"og:image\" content=\"https:\/\/marketingside.pl\/wp-content\/uploads\/2021\/01\/6-766x731.png\" \/>\n<meta name=\"twitter:card\" content=\"summary_large_image\" \/>\n<meta name=\"twitter:site\" content=\"@MARKETINGSide4\" \/>\n<meta name=\"twitter:label1\" content=\"Szacowany czas czytania\" \/>\n\t<meta name=\"twitter:data1\" content=\"2 minuty\" \/>\n<script type=\"application\/ld+json\" class=\"yoast-schema-graph\">{\"@context\":\"https:\\\/\\\/schema.org\",\"@graph\":[{\"@type\":\"WebPage\",\"@id\":\"https:\\\/\\\/marketingside.pl\\\/index.php\\\/oferta\\\/marketing-internetowy\\\/\",\"url\":\"https:\\\/\\\/marketingside.pl\\\/index.php\\\/oferta\\\/marketing-internetowy\\\/\",\"name\":\"Marketing internetowy - MARKETINGSide.pl\",\"isPartOf\":{\"@id\":\"https:\\\/\\\/marketingside.pl\\\/#website\"},\"primaryImageOfPage\":{\"@id\":\"https:\\\/\\\/marketingside.pl\\\/index.php\\\/oferta\\\/marketing-internetowy\\\/#primaryimage\"},\"image\":{\"@id\":\"https:\\\/\\\/marketingside.pl\\\/index.php\\\/oferta\\\/marketing-internetowy\\\/#primaryimage\"},\"thumbnailUrl\":\"https:\\\/\\\/marketingside.pl\\\/wp-content\\\/uploads\\\/2021\\\/01\\\/6-766x731.png\",\"datePublished\":\"2021-01-10T23:27:53+00:00\",\"dateModified\":\"2021-03-27T19:18:49+00:00\",\"breadcrumb\":{\"@id\":\"https:\\\/\\\/marketingside.pl\\\/index.php\\\/oferta\\\/marketing-internetowy\\\/#breadcrumb\"},\"inLanguage\":\"pl-PL\",\"potentialAction\":[{\"@type\":\"ReadAction\",\"target\":[\"https:\\\/\\\/marketingside.pl\\\/index.php\\\/oferta\\\/marketing-internetowy\\\/\"]}]},{\"@type\":\"ImageObject\",\"inLanguage\":\"pl-PL\",\"@id\":\"https:\\\/\\\/marketingside.pl\\\/index.php\\\/oferta\\\/marketing-internetowy\\\/#primaryimage\",\"url\":\"https:\\\/\\\/marketingside.pl\\\/wp-content\\\/uploads\\\/2021\\\/01\\\/6.png\",\"contentUrl\":\"https:\\\/\\\/marketingside.pl\\\/wp-content\\\/uploads\\\/2021\\\/01\\\/6.png\",\"width\":940,\"height\":788,\"caption\":\"Marketing internetowy 1 - Agencja Marketingowa MARKETINGSide.pl\"},{\"@type\":\"BreadcrumbList\",\"@id\":\"https:\\\/\\\/marketingside.pl\\\/index.php\\\/oferta\\\/marketing-internetowy\\\/#breadcrumb\",\"itemListElement\":[{\"@type\":\"ListItem\",\"position\":1,\"name\":\"Home\",\"item\":\"https:\\\/\\\/marketingside.pl\\\/\"},{\"@type\":\"ListItem\",\"position\":2,\"name\":\"Oferta\",\"item\":\"https:\\\/\\\/marketingside.pl\\\/index.php\\\/oferta\\\/\"},{\"@type\":\"ListItem\",\"position\":3,\"name\":\"Marketing internetowy\"}]},{\"@type\":\"WebSite\",\"@id\":\"https:\\\/\\\/marketingside.pl\\\/#website\",\"url\":\"https:\\\/\\\/marketingside.pl\\\/\",\"name\":\"MARKETINGSide.pl\",\"description\":\"Kreatywna Agencja Marketingowa\",\"publisher\":{\"@id\":\"https:\\\/\\\/marketingside.pl\\\/#organization\"},\"potentialAction\":[{\"@type\":\"SearchAction\",\"target\":{\"@type\":\"EntryPoint\",\"urlTemplate\":\"https:\\\/\\\/marketingside.pl\\\/?s={search_term_string}\"},\"query-input\":{\"@type\":\"PropertyValueSpecification\",\"valueRequired\":true,\"valueName\":\"search_term_string\"}}],\"inLanguage\":\"pl-PL\"},{\"@type\":\"Organization\",\"@id\":\"https:\\\/\\\/marketingside.pl\\\/#organization\",\"name\":\"MARKETINGSide.pl - Kreatywna Agencja Marketingowa\",\"url\":\"https:\\\/\\\/marketingside.pl\\\/\",\"logo\":{\"@type\":\"ImageObject\",\"inLanguage\":\"pl-PL\",\"@id\":\"https:\\\/\\\/marketingside.pl\\\/#\\\/schema\\\/logo\\\/image\\\/\",\"url\":\"https:\\\/\\\/marketingside.pl\\\/wp-content\\\/uploads\\\/2021\\\/01\\\/cropped-1-1-1.png\",\"contentUrl\":\"https:\\\/\\\/marketingside.pl\\\/wp-content\\\/uploads\\\/2021\\\/01\\\/cropped-1-1-1.png\",\"width\":512,\"height\":512,\"caption\":\"MARKETINGSide.pl - Kreatywna Agencja Marketingowa\"},\"image\":{\"@id\":\"https:\\\/\\\/marketingside.pl\\\/#\\\/schema\\\/logo\\\/image\\\/\"},\"sameAs\":[\"https:\\\/\\\/www.facebook.com\\\/Marketingside.socialmedia\",\"https:\\\/\\\/x.com\\\/MARKETINGSide4\",\"https:\\\/\\\/www.instagram.com\\\/marketingside.pl\\\/\",\"https:\\\/\\\/www.linkedin.com\\\/company\\\/marketingside\"]}]}<\/script>\n<!-- \/ Yoast SEO plugin. -->","yoast_head_json":{"title":"Marketing internetowy - MARKETINGSide.pl","robots":{"index":"index","follow":"follow","max-snippet":"max-snippet:-1","max-image-preview":"max-image-preview:large","max-video-preview":"max-video-preview:-1"},"canonical":"https:\/\/marketingside.pl\/index.php\/oferta\/marketing-internetowy\/","og_locale":"pl_PL","og_type":"article","og_title":"Marketing internetowy - MARKETINGSide.pl","og_description":"MARKETING INTERNETOWY CONTENT MARKETING, COPYWRITING Dla wielu os\u00f3b zarz\u0105dzanie swoj\u0105 obecno\u015bci\u0105 w Internecie przypomina robienie zdj\u0119\u0107 w ciemno\u015bci. Nie ka\u017cdy...","og_url":"https:\/\/marketingside.pl\/index.php\/oferta\/marketing-internetowy\/","og_site_name":"MARKETINGSide.pl","article_publisher":"https:\/\/www.facebook.com\/Marketingside.socialmedia","article_modified_time":"2021-03-27T19:18:49+00:00","og_image":[{"url":"https:\/\/marketingside.pl\/wp-content\/uploads\/2021\/01\/6-766x731.png","type":"","width":"","height":""}],"twitter_card":"summary_large_image","twitter_site":"@MARKETINGSide4","twitter_misc":{"Szacowany czas czytania":"2 minuty"},"schema":{"@context":"https:\/\/schema.org","@graph":[{"@type":"WebPage","@id":"https:\/\/marketingside.pl\/index.php\/oferta\/marketing-internetowy\/","url":"https:\/\/marketingside.pl\/index.php\/oferta\/marketing-internetowy\/","name":"Marketing internetowy - MARKETINGSide.pl","isPartOf":{"@id":"https:\/\/marketingside.pl\/#website"},"primaryImageOfPage":{"@id":"https:\/\/marketingside.pl\/index.php\/oferta\/marketing-internetowy\/#primaryimage"},"image":{"@id":"https:\/\/marketingside.pl\/index.php\/oferta\/marketing-internetowy\/#primaryimage"},"thumbnailUrl":"https:\/\/marketingside.pl\/wp-content\/uploads\/2021\/01\/6-766x731.png","datePublished":"2021-01-10T23:27:53+00:00","dateModified":"2021-03-27T19:18:49+00:00","breadcrumb":{"@id":"https:\/\/marketingside.pl\/index.php\/oferta\/marketing-internetowy\/#breadcrumb"},"inLanguage":"pl-PL","potentialAction":[{"@type":"ReadAction","target":["https:\/\/marketingside.pl\/index.php\/oferta\/marketing-internetowy\/"]}]},{"@type":"ImageObject","inLanguage":"pl-PL","@id":"https:\/\/marketingside.pl\/index.php\/oferta\/marketing-internetowy\/#primaryimage","url":"https:\/\/marketingside.pl\/wp-content\/uploads\/2021\/01\/6.png","contentUrl":"https:\/\/marketingside.pl\/wp-content\/uploads\/2021\/01\/6.png","width":940,"height":788,"caption":"Marketing internetowy 1 - Agencja Marketingowa MARKETINGSide.pl"},{"@type":"BreadcrumbList","@id":"https:\/\/marketingside.pl\/index.php\/oferta\/marketing-internetowy\/#breadcrumb","itemListElement":[{"@type":"ListItem","position":1,"name":"Home","item":"https:\/\/marketingside.pl\/"},{"@type":"ListItem","position":2,"name":"Oferta","item":"https:\/\/marketingside.pl\/index.php\/oferta\/"},{"@type":"ListItem","position":3,"name":"Marketing internetowy"}]},{"@type":"WebSite","@id":"https:\/\/marketingside.pl\/#website","url":"https:\/\/marketingside.pl\/","name":"MARKETINGSide.pl","description":"Kreatywna Agencja Marketingowa","publisher":{"@id":"https:\/\/marketingside.pl\/#organization"},"potentialAction":[{"@type":"SearchAction","target":{"@type":"EntryPoint","urlTemplate":"https:\/\/marketingside.pl\/?s={search_term_string}"},"query-input":{"@type":"PropertyValueSpecification","valueRequired":true,"valueName":"search_term_string"}}],"inLanguage":"pl-PL"},{"@type":"Organization","@id":"https:\/\/marketingside.pl\/#organization","name":"MARKETINGSide.pl - Kreatywna Agencja Marketingowa","url":"https:\/\/marketingside.pl\/","logo":{"@type":"ImageObject","inLanguage":"pl-PL","@id":"https:\/\/marketingside.pl\/#\/schema\/logo\/image\/","url":"https:\/\/marketingside.pl\/wp-content\/uploads\/2021\/01\/cropped-1-1-1.png","contentUrl":"https:\/\/marketingside.pl\/wp-content\/uploads\/2021\/01\/cropped-1-1-1.png","width":512,"height":512,"caption":"MARKETINGSide.pl - Kreatywna Agencja Marketingowa"},"image":{"@id":"https:\/\/marketingside.pl\/#\/schema\/logo\/image\/"},"sameAs":["https:\/\/www.facebook.com\/Marketingside.socialmedia","https:\/\/x.com\/MARKETINGSide4","https:\/\/www.instagram.com\/marketingside.pl\/","https:\/\/www.linkedin.com\/company\/marketingside"]}]}},"_links":{"self":[{"href":"https:\/\/marketingside.pl\/index.php\/wp-json\/wp\/v2\/pages\/3169","targetHints":{"allow":["GET"]}}],"collection":[{"href":"https:\/\/marketingside.pl\/index.php\/wp-json\/wp\/v2\/pages"}],"about":[{"href":"https:\/\/marketingside.pl\/index.php\/wp-json\/wp\/v2\/types\/page"}],"author":[{"embeddable":true,"href":"https:\/\/marketingside.pl\/index.php\/wp-json\/wp\/v2\/users\/1"}],"replies":[{"embeddable":true,"href":"https:\/\/marketingside.pl\/index.php\/wp-json\/wp\/v2\/comments?post=3169"}],"version-history":[{"count":0,"href":"https:\/\/marketingside.pl\/index.php\/wp-json\/wp\/v2\/pages\/3169\/revisions"}],"up":[{"embeddable":true,"href":"https:\/\/marketingside.pl\/index.php\/wp-json\/wp\/v2\/pages\/605"}],"wp:attachment":[{"href":"https:\/\/marketingside.pl\/index.php\/wp-json\/wp\/v2\/media?parent=3169"}],"curies":[{"name":"wp","href":"https:\/\/api.w.org\/{rel}","templated":true}]}}