{"id":3149,"date":"2021-01-10T23:49:03","date_gmt":"2021-01-10T22:49:03","guid":{"rendered":"http:\/\/marketingside.pl\/?page_id=3149"},"modified":"2021-07-09T22:17:12","modified_gmt":"2021-07-09T20:17:12","slug":"identyfikacja-wizualna","status":"publish","type":"page","link":"https:\/\/marketingside.pl\/index.php\/oferta\/identyfikacja-wizualna\/","title":{"rendered":"Identyfikacja wizualna"},"content":{"rendered":"\t\t<div data-elementor-type=\"wp-page\" data-elementor-id=\"3149\" class=\"elementor elementor-3149\">\n\t\t\t\t\t\t<section class=\"elementor-section elementor-top-section elementor-element elementor-element-5341ca8 elementor-section-boxed elementor-section-height-default elementor-section-height-default\" data-id=\"5341ca8\" data-element_type=\"section\" data-e-type=\"section\">\r\n\t\t\t\t\t\t<div class=\"elementor-container elementor-column-gap-thegem\"><div class=\"elementor-row\">\r\n\t\t\t\t\t<div class=\"elementor-column elementor-col-50 elementor-top-column elementor-element elementor-element-706ea0d\" data-id=\"706ea0d\" data-element_type=\"column\" data-e-type=\"column\">\n\t\t\t<div class=\"elementor-widget-wrap elementor-element-populated\">\n\t\t\t\t\t\t<div class=\"elementor-element elementor-element-dd99ecd flex-horizontal-align-default flex-horizontal-align-tablet-default flex-horizontal-align-mobile-default flex-vertical-align-default flex-vertical-align-tablet-default flex-vertical-align-mobile-default elementor-widget elementor-widget-image\" data-id=\"dd99ecd\" data-element_type=\"widget\" data-e-type=\"widget\" data-widget_type=\"image.default\">\n\t\t\t\t<div class=\"elementor-widget-container\">\n\t\t\t\t\t\t\t\t\t\t\t\t\t\t\t<img width=\"766\" height=\"731\" src=\"https:\/\/marketingside.pl\/wp-content\/uploads\/2021\/01\/10-766x731.png\" class=\"attachment-thegem-custom-product-categories size-thegem-custom-product-categories wp-image-3370\" alt=\"LOGO 2 identyfikacja wizualna - Agencja Marketingowa MARKETINGSide.pl\" \/>\t\t\t\t\t\t\t\t\t\t\t\t\t\t\t<\/div>\n\t\t\t\t<\/div>\n\t\t\t\t<div class=\"elementor-element elementor-element-c707d29 flex-horizontal-align-default flex-horizontal-align-tablet-default flex-horizontal-align-mobile-default flex-vertical-align-default flex-vertical-align-tablet-default flex-vertical-align-mobile-default elementor-widget elementor-widget-video\" data-id=\"c707d29\" data-element_type=\"widget\" data-e-type=\"widget\" data-settings=\"{&quot;video_type&quot;:&quot;hosted&quot;,&quot;controls&quot;:&quot;yes&quot;}\" data-widget_type=\"video.default\">\n\t\t\t\t<div class=\"elementor-widget-container\">\n\t\t\t\t\t\t\t<div class=\"e-hosted-video elementor-wrapper elementor-open-inline\">\n\t\t\t\t\t<video class=\"elementor-video\" src=\"https:\/\/marketingside.pl\/wp-content\/uploads\/2021\/07\/00_MAIN.mp4\" controls=\"\" preload=\"metadata\" controlsList=\"nodownload\"><\/video>\n\t\t\t\t<\/div>\n\t\t\t\t\t\t<\/div>\n\t\t\t\t<\/div>\n\t\t\t\t\t<\/div>\n\t\t<\/div>\n\t\t\t\t<div class=\"elementor-column elementor-col-50 elementor-top-column elementor-element elementor-element-478532c\" data-id=\"478532c\" data-element_type=\"column\" data-e-type=\"column\">\n\t\t\t<div class=\"elementor-widget-wrap elementor-element-populated\">\n\t\t\t\t\t\t<div class=\"elementor-element elementor-element-795d990 flex-horizontal-align-default flex-horizontal-align-tablet-default flex-horizontal-align-mobile-default flex-vertical-align-default flex-vertical-align-tablet-default flex-vertical-align-mobile-default elementor-widget elementor-widget-heading\" data-id=\"795d990\" data-element_type=\"widget\" data-e-type=\"widget\" data-widget_type=\"heading.default\">\n\t\t\t\t<div class=\"elementor-widget-container\">\n\t\t\t\t\t<h2 class=\"elementor-heading-title elementor-size-default\">IDENTYFIKACJA WIZUALNA<\/h2>\t\t\t\t<\/div>\n\t\t\t\t<\/div>\n\t\t\t\t<div class=\"elementor-element elementor-element-5209872 elementor-widget-divider--view-line flex-horizontal-align-default flex-horizontal-align-tablet-default flex-horizontal-align-mobile-default flex-vertical-align-default flex-vertical-align-tablet-default flex-vertical-align-mobile-default elementor-widget elementor-widget-divider\" data-id=\"5209872\" data-element_type=\"widget\" data-e-type=\"widget\" data-widget_type=\"divider.default\">\n\t\t\t\t<div class=\"elementor-widget-container\">\n\t\t\t\t\t\t\t<div class=\"elementor-divider\">\n\t\t\t<span class=\"elementor-divider-separator\">\n\t\t\t\t\t\t<\/span>\n\t\t<\/div>\n\t\t\t\t\t\t<\/div>\n\t\t\t\t<\/div>\n\t\t\t\t<div class=\"elementor-element elementor-element-bebe6f1 flex-horizontal-align-default flex-horizontal-align-tablet-default flex-horizontal-align-mobile-default flex-vertical-align-default flex-vertical-align-tablet-default flex-vertical-align-mobile-default elementor-widget elementor-widget-text-editor\" data-id=\"bebe6f1\" data-element_type=\"widget\" data-e-type=\"widget\" data-widget_type=\"text-editor.default\">\n\t\t\t\t<div class=\"elementor-widget-container\">\n\t\t\t\t\t\t\t\t\t\t\t\t<div class=\"elementor-text-editor elementor-clearfix\">\r\n\t\t\t\t\t\t<div class=\"services-editor\"><strong>Dlaczego warto zadba\u0107 o identyfikacj\u0119 wizualn\u0105? Czy w Twojej firmie potrzebny jest rebranding?<\/strong><\/div><div class=\"services-editor\">Szacuje si\u0119, \u017ce przeci\u0119tny u\u017cytkownik decyduje w ci\u0105gu 5 sekund, czy zostanie na Twojej stronie internetowej, czy j\u0105 opu\u015bci. Zaufaj nam, a my zadbamy o kompleksowy wizerunek firmy.<\/div><div>\u00a0<\/div><div>\u00a0<\/div><div class=\"services-available\"><p><strong>Czy wiesz, \u017ce masz jedynie moment na to, aby zaciekawi\u0107 potencjalnego klienta swoj\u0105 ofert\u0105?<\/strong> Jak to zrobi\u0107? Najlepiej zadba\u0107 o dopracowany i sp\u00f3jny wizerunek, kt\u00f3ry zachwyci odbiorc\u0119 ju\u017c od samego pocz\u0105tku. My dok\u0142adnie wiemy, jak wa\u017cne s\u0105 nawet najmniejsze detale, w tym projektowanie logo i ksi\u0119ga znaku. Wszystko sk\u0142ada si\u0119 w jedn\u0105 ca\u0142o\u015b\u0107 \u2013 wizerunek i branding marki, kt\u00f3ry pokochasz Ty oraz Twoi klienci.<\/p><p>\u00a0<\/p><p><strong>Oferujemy:<\/strong><br \/>&#8211; logotypy<br \/>&#8211; ksi\u0119gi identyfikacji wizualnej<br \/>&#8211; systemy identyfikacji wizualnej<br \/>&#8211; ujednolicenie i od\u015bwie\u017cenie identyfikacji wizualnej<br \/>&#8211; papeteria firmowa (wizyt\u00f3wki, papiery firmowe, teczki).<\/p><p>\u00a0<\/p><p>marketingside. #logo #ksi\u0119ga znaku #branding marki #wizerunek firmy<\/p><\/div>\t\t\t\t\t\t\t<\/div>\r\n\t\t\t\t\t\t\t\t\t\t<\/div>\n\t\t\t\t<\/div>\n\t\t\t\t\t<\/div>\n\t\t<\/div>\n\t\t\t\t\t<\/div><\/div>\r\n\t\t<\/section>\r\n\t\t\t\t<section class=\"elementor-section elementor-top-section elementor-element elementor-element-c7a75dc elementor-section-boxed elementor-section-height-default elementor-section-height-default\" data-id=\"c7a75dc\" data-element_type=\"section\" data-e-type=\"section\">\r\n\t\t\t\t\t\t<div class=\"elementor-container elementor-column-gap-thegem\"><div class=\"elementor-row\">\r\n\t\t\t\t\t<div class=\"elementor-column elementor-col-100 elementor-top-column elementor-element elementor-element-dfb6505\" data-id=\"dfb6505\" data-element_type=\"column\" data-e-type=\"column\">\n\t\t\t<div class=\"elementor-widget-wrap elementor-element-populated\">\n\t\t\t\t\t\t<div class=\"elementor-element elementor-element-ae2a9d6 flex-horizontal-align-default flex-horizontal-align-tablet-default flex-horizontal-align-mobile-default flex-vertical-align-default flex-vertical-align-tablet-default flex-vertical-align-mobile-default elementor-widget elementor-widget-heading\" data-id=\"ae2a9d6\" data-element_type=\"widget\" data-e-type=\"widget\" data-widget_type=\"heading.default\">\n\t\t\t\t<div class=\"elementor-widget-container\">\n\t\t\t\t\t<h2 class=\"elementor-heading-title elementor-size-default\">Napisz czego potrzebujesz<\/h2>\t\t\t\t<\/div>\n\t\t\t\t<\/div>\n\t\t\t\t<div class=\"elementor-element elementor-element-ee2c773 flex-horizontal-align-default flex-horizontal-align-tablet-default flex-horizontal-align-mobile-default flex-vertical-align-default flex-vertical-align-tablet-default flex-vertical-align-mobile-default elementor-widget elementor-widget-text-editor\" data-id=\"ee2c773\" data-element_type=\"widget\" data-e-type=\"widget\" data-widget_type=\"text-editor.default\">\n\t\t\t\t<div class=\"elementor-widget-container\">\n\t\t\t\t\t\t\t\t\t\t\t\t<div class=\"elementor-text-editor elementor-clearfix\">\r\n\t\t\t\t\t\t<p class=\"styled-subtitle\"><span class=\"letter-spacing\">Odpowiemy najszybciej jak to mo\u017cliwe oraz udzielimy odpowiedzi na ka\u017cde Twoje pytanie. <\/span><span style=\"letter-spacing: 0.05em;\">Opisz nam dok\u0142adnie swoje potrzeby, a przedstawimy Ci profesjonaln\u0105 ofert\u0119 \/ wycen\u0119.<\/span><\/p><p class=\"styled-subtitle\"><span class=\"letter-spacing\">Je\u015bli warunki b\u0119d\u0105 dla Ciebie satysfakcjonuj\u0105ce, to niezw\u0142ocznie rozpoczniemy wsp\u00f3\u0142prac\u0119.<\/span><\/p>\t\t\t\t\t\t\t<\/div>\r\n\t\t\t\t\t\t\t\t\t\t<\/div>\n\t\t\t\t<\/div>\n\t\t\t\t\t<\/div>\n\t\t<\/div>\n\t\t\t\t\t<\/div><\/div>\r\n\t\t<\/section>\r\n\t\t\t\t<\/div>\n\t\t","protected":false},"excerpt":{"rendered":"<p>https:\/\/marketingside.pl\/wp-content\/uploads\/2021\/07\/00_MAIN.mp4 IDENTYFIKACJA WIZUALNA Dlaczego warto zadba\u0107 o identyfikacj\u0119 wizualn\u0105? Czy w Twojej firmie potrzebny jest rebranding?Szacuje si\u0119, \u017ce przeci\u0119tny u\u017cytkownik&#8230;<\/p>\n","protected":false},"author":1,"featured_media":0,"parent":605,"menu_order":1,"comment_status":"closed","ping_status":"closed","template":"page-fullwidth.php","meta":{"footnotes":""},"class_list":["post-3149","page","type-page","status-publish"],"yoast_head":"<!-- This site is optimized with the Yoast SEO plugin v27.5 - https:\/\/yoast.com\/product\/yoast-seo-wordpress\/ -->\n<title>Identyfikacja wizualna - MARKETINGSide.pl<\/title>\n<meta name=\"robots\" content=\"index, follow, max-snippet:-1, max-image-preview:large, max-video-preview:-1\" \/>\n<link rel=\"canonical\" href=\"https:\/\/marketingside.pl\/index.php\/oferta\/identyfikacja-wizualna\/\" \/>\n<meta property=\"og:locale\" content=\"pl_PL\" \/>\n<meta property=\"og:type\" content=\"article\" \/>\n<meta property=\"og:title\" content=\"Identyfikacja wizualna - MARKETINGSide.pl\" \/>\n<meta property=\"og:description\" content=\"https:\/\/marketingside.pl\/wp-content\/uploads\/2021\/07\/00_MAIN.mp4 IDENTYFIKACJA WIZUALNA Dlaczego warto zadba\u0107 o identyfikacj\u0119 wizualn\u0105? Czy w Twojej firmie potrzebny jest rebranding?Szacuje si\u0119, \u017ce przeci\u0119tny u\u017cytkownik...\" \/>\n<meta property=\"og:url\" content=\"https:\/\/marketingside.pl\/index.php\/oferta\/identyfikacja-wizualna\/\" \/>\n<meta property=\"og:site_name\" content=\"MARKETINGSide.pl\" \/>\n<meta property=\"article:publisher\" content=\"https:\/\/www.facebook.com\/Marketingside.socialmedia\" \/>\n<meta property=\"article:modified_time\" content=\"2021-07-09T20:17:12+00:00\" \/>\n<meta property=\"og:image\" content=\"https:\/\/marketingside.pl\/wp-content\/uploads\/2021\/01\/10-766x731.png\" \/>\n<meta name=\"twitter:card\" content=\"summary_large_image\" \/>\n<meta name=\"twitter:site\" content=\"@MARKETINGSide4\" \/>\n<meta name=\"twitter:label1\" content=\"Szacowany czas czytania\" \/>\n\t<meta name=\"twitter:data1\" content=\"1 minuta\" \/>\n<script type=\"application\/ld+json\" class=\"yoast-schema-graph\">{\"@context\":\"https:\\\/\\\/schema.org\",\"@graph\":[{\"@type\":\"WebPage\",\"@id\":\"https:\\\/\\\/marketingside.pl\\\/index.php\\\/oferta\\\/identyfikacja-wizualna\\\/\",\"url\":\"https:\\\/\\\/marketingside.pl\\\/index.php\\\/oferta\\\/identyfikacja-wizualna\\\/\",\"name\":\"Identyfikacja wizualna - MARKETINGSide.pl\",\"isPartOf\":{\"@id\":\"https:\\\/\\\/marketingside.pl\\\/#website\"},\"primaryImageOfPage\":{\"@id\":\"https:\\\/\\\/marketingside.pl\\\/index.php\\\/oferta\\\/identyfikacja-wizualna\\\/#primaryimage\"},\"image\":{\"@id\":\"https:\\\/\\\/marketingside.pl\\\/index.php\\\/oferta\\\/identyfikacja-wizualna\\\/#primaryimage\"},\"thumbnailUrl\":\"https:\\\/\\\/marketingside.pl\\\/wp-content\\\/uploads\\\/2021\\\/01\\\/10-766x731.png\",\"datePublished\":\"2021-01-10T22:49:03+00:00\",\"dateModified\":\"2021-07-09T20:17:12+00:00\",\"breadcrumb\":{\"@id\":\"https:\\\/\\\/marketingside.pl\\\/index.php\\\/oferta\\\/identyfikacja-wizualna\\\/#breadcrumb\"},\"inLanguage\":\"pl-PL\",\"potentialAction\":[{\"@type\":\"ReadAction\",\"target\":[\"https:\\\/\\\/marketingside.pl\\\/index.php\\\/oferta\\\/identyfikacja-wizualna\\\/\"]}]},{\"@type\":\"ImageObject\",\"inLanguage\":\"pl-PL\",\"@id\":\"https:\\\/\\\/marketingside.pl\\\/index.php\\\/oferta\\\/identyfikacja-wizualna\\\/#primaryimage\",\"url\":\"https:\\\/\\\/marketingside.pl\\\/wp-content\\\/uploads\\\/2021\\\/01\\\/10.png\",\"contentUrl\":\"https:\\\/\\\/marketingside.pl\\\/wp-content\\\/uploads\\\/2021\\\/01\\\/10.png\",\"width\":940,\"height\":788,\"caption\":\"LOGO 2 identyfikacja wizualna - Agencja Marketingowa MARKETINGSide.pl\"},{\"@type\":\"BreadcrumbList\",\"@id\":\"https:\\\/\\\/marketingside.pl\\\/index.php\\\/oferta\\\/identyfikacja-wizualna\\\/#breadcrumb\",\"itemListElement\":[{\"@type\":\"ListItem\",\"position\":1,\"name\":\"Home\",\"item\":\"https:\\\/\\\/marketingside.pl\\\/\"},{\"@type\":\"ListItem\",\"position\":2,\"name\":\"Oferta\",\"item\":\"https:\\\/\\\/marketingside.pl\\\/index.php\\\/oferta\\\/\"},{\"@type\":\"ListItem\",\"position\":3,\"name\":\"Identyfikacja wizualna\"}]},{\"@type\":\"WebSite\",\"@id\":\"https:\\\/\\\/marketingside.pl\\\/#website\",\"url\":\"https:\\\/\\\/marketingside.pl\\\/\",\"name\":\"MARKETINGSide.pl\",\"description\":\"Kreatywna Agencja Marketingowa\",\"publisher\":{\"@id\":\"https:\\\/\\\/marketingside.pl\\\/#organization\"},\"potentialAction\":[{\"@type\":\"SearchAction\",\"target\":{\"@type\":\"EntryPoint\",\"urlTemplate\":\"https:\\\/\\\/marketingside.pl\\\/?s={search_term_string}\"},\"query-input\":{\"@type\":\"PropertyValueSpecification\",\"valueRequired\":true,\"valueName\":\"search_term_string\"}}],\"inLanguage\":\"pl-PL\"},{\"@type\":\"Organization\",\"@id\":\"https:\\\/\\\/marketingside.pl\\\/#organization\",\"name\":\"MARKETINGSide.pl - Kreatywna Agencja Marketingowa\",\"url\":\"https:\\\/\\\/marketingside.pl\\\/\",\"logo\":{\"@type\":\"ImageObject\",\"inLanguage\":\"pl-PL\",\"@id\":\"https:\\\/\\\/marketingside.pl\\\/#\\\/schema\\\/logo\\\/image\\\/\",\"url\":\"https:\\\/\\\/marketingside.pl\\\/wp-content\\\/uploads\\\/2021\\\/01\\\/cropped-1-1-1.png\",\"contentUrl\":\"https:\\\/\\\/marketingside.pl\\\/wp-content\\\/uploads\\\/2021\\\/01\\\/cropped-1-1-1.png\",\"width\":512,\"height\":512,\"caption\":\"MARKETINGSide.pl - Kreatywna Agencja Marketingowa\"},\"image\":{\"@id\":\"https:\\\/\\\/marketingside.pl\\\/#\\\/schema\\\/logo\\\/image\\\/\"},\"sameAs\":[\"https:\\\/\\\/www.facebook.com\\\/Marketingside.socialmedia\",\"https:\\\/\\\/x.com\\\/MARKETINGSide4\",\"https:\\\/\\\/www.instagram.com\\\/marketingside.pl\\\/\",\"https:\\\/\\\/www.linkedin.com\\\/company\\\/marketingside\"]}]}<\/script>\n<!-- \/ Yoast SEO plugin. -->","yoast_head_json":{"title":"Identyfikacja wizualna - MARKETINGSide.pl","robots":{"index":"index","follow":"follow","max-snippet":"max-snippet:-1","max-image-preview":"max-image-preview:large","max-video-preview":"max-video-preview:-1"},"canonical":"https:\/\/marketingside.pl\/index.php\/oferta\/identyfikacja-wizualna\/","og_locale":"pl_PL","og_type":"article","og_title":"Identyfikacja wizualna - MARKETINGSide.pl","og_description":"https:\/\/marketingside.pl\/wp-content\/uploads\/2021\/07\/00_MAIN.mp4 IDENTYFIKACJA WIZUALNA Dlaczego warto zadba\u0107 o identyfikacj\u0119 wizualn\u0105? Czy w Twojej firmie potrzebny jest rebranding?Szacuje si\u0119, \u017ce przeci\u0119tny u\u017cytkownik...","og_url":"https:\/\/marketingside.pl\/index.php\/oferta\/identyfikacja-wizualna\/","og_site_name":"MARKETINGSide.pl","article_publisher":"https:\/\/www.facebook.com\/Marketingside.socialmedia","article_modified_time":"2021-07-09T20:17:12+00:00","og_image":[{"url":"https:\/\/marketingside.pl\/wp-content\/uploads\/2021\/01\/10-766x731.png","type":"","width":"","height":""}],"twitter_card":"summary_large_image","twitter_site":"@MARKETINGSide4","twitter_misc":{"Szacowany czas czytania":"1 minuta"},"schema":{"@context":"https:\/\/schema.org","@graph":[{"@type":"WebPage","@id":"https:\/\/marketingside.pl\/index.php\/oferta\/identyfikacja-wizualna\/","url":"https:\/\/marketingside.pl\/index.php\/oferta\/identyfikacja-wizualna\/","name":"Identyfikacja wizualna - MARKETINGSide.pl","isPartOf":{"@id":"https:\/\/marketingside.pl\/#website"},"primaryImageOfPage":{"@id":"https:\/\/marketingside.pl\/index.php\/oferta\/identyfikacja-wizualna\/#primaryimage"},"image":{"@id":"https:\/\/marketingside.pl\/index.php\/oferta\/identyfikacja-wizualna\/#primaryimage"},"thumbnailUrl":"https:\/\/marketingside.pl\/wp-content\/uploads\/2021\/01\/10-766x731.png","datePublished":"2021-01-10T22:49:03+00:00","dateModified":"2021-07-09T20:17:12+00:00","breadcrumb":{"@id":"https:\/\/marketingside.pl\/index.php\/oferta\/identyfikacja-wizualna\/#breadcrumb"},"inLanguage":"pl-PL","potentialAction":[{"@type":"ReadAction","target":["https:\/\/marketingside.pl\/index.php\/oferta\/identyfikacja-wizualna\/"]}]},{"@type":"ImageObject","inLanguage":"pl-PL","@id":"https:\/\/marketingside.pl\/index.php\/oferta\/identyfikacja-wizualna\/#primaryimage","url":"https:\/\/marketingside.pl\/wp-content\/uploads\/2021\/01\/10.png","contentUrl":"https:\/\/marketingside.pl\/wp-content\/uploads\/2021\/01\/10.png","width":940,"height":788,"caption":"LOGO 2 identyfikacja wizualna - Agencja Marketingowa MARKETINGSide.pl"},{"@type":"BreadcrumbList","@id":"https:\/\/marketingside.pl\/index.php\/oferta\/identyfikacja-wizualna\/#breadcrumb","itemListElement":[{"@type":"ListItem","position":1,"name":"Home","item":"https:\/\/marketingside.pl\/"},{"@type":"ListItem","position":2,"name":"Oferta","item":"https:\/\/marketingside.pl\/index.php\/oferta\/"},{"@type":"ListItem","position":3,"name":"Identyfikacja wizualna"}]},{"@type":"WebSite","@id":"https:\/\/marketingside.pl\/#website","url":"https:\/\/marketingside.pl\/","name":"MARKETINGSide.pl","description":"Kreatywna Agencja Marketingowa","publisher":{"@id":"https:\/\/marketingside.pl\/#organization"},"potentialAction":[{"@type":"SearchAction","target":{"@type":"EntryPoint","urlTemplate":"https:\/\/marketingside.pl\/?s={search_term_string}"},"query-input":{"@type":"PropertyValueSpecification","valueRequired":true,"valueName":"search_term_string"}}],"inLanguage":"pl-PL"},{"@type":"Organization","@id":"https:\/\/marketingside.pl\/#organization","name":"MARKETINGSide.pl - Kreatywna Agencja Marketingowa","url":"https:\/\/marketingside.pl\/","logo":{"@type":"ImageObject","inLanguage":"pl-PL","@id":"https:\/\/marketingside.pl\/#\/schema\/logo\/image\/","url":"https:\/\/marketingside.pl\/wp-content\/uploads\/2021\/01\/cropped-1-1-1.png","contentUrl":"https:\/\/marketingside.pl\/wp-content\/uploads\/2021\/01\/cropped-1-1-1.png","width":512,"height":512,"caption":"MARKETINGSide.pl - Kreatywna Agencja Marketingowa"},"image":{"@id":"https:\/\/marketingside.pl\/#\/schema\/logo\/image\/"},"sameAs":["https:\/\/www.facebook.com\/Marketingside.socialmedia","https:\/\/x.com\/MARKETINGSide4","https:\/\/www.instagram.com\/marketingside.pl\/","https:\/\/www.linkedin.com\/company\/marketingside"]}]}},"_links":{"self":[{"href":"https:\/\/marketingside.pl\/index.php\/wp-json\/wp\/v2\/pages\/3149","targetHints":{"allow":["GET"]}}],"collection":[{"href":"https:\/\/marketingside.pl\/index.php\/wp-json\/wp\/v2\/pages"}],"about":[{"href":"https:\/\/marketingside.pl\/index.php\/wp-json\/wp\/v2\/types\/page"}],"author":[{"embeddable":true,"href":"https:\/\/marketingside.pl\/index.php\/wp-json\/wp\/v2\/users\/1"}],"replies":[{"embeddable":true,"href":"https:\/\/marketingside.pl\/index.php\/wp-json\/wp\/v2\/comments?post=3149"}],"version-history":[{"count":0,"href":"https:\/\/marketingside.pl\/index.php\/wp-json\/wp\/v2\/pages\/3149\/revisions"}],"up":[{"embeddable":true,"href":"https:\/\/marketingside.pl\/index.php\/wp-json\/wp\/v2\/pages\/605"}],"wp:attachment":[{"href":"https:\/\/marketingside.pl\/index.php\/wp-json\/wp\/v2\/media?parent=3149"}],"curies":[{"name":"wp","href":"https:\/\/api.w.org\/{rel}","templated":true}]}}